{"id":30,"date":"2024-10-22T19:12:34","date_gmt":"2024-10-22T19:12:34","guid":{"rendered":"https:\/\/m3pclases.com\/?page_id=30"},"modified":"2025-08-03T09:53:49","modified_gmt":"2025-08-03T09:53:49","slug":"quieres-trabajar-con-nosotros","status":"publish","type":"page","link":"https:\/\/m3pclases.com\/en\/quieres-trabajar-con-nosotros\/","title":{"rendered":"Do you want to work with us?"},"content":{"rendered":"<div data-elementor-type=\"wp-page\" data-elementor-id=\"30\" class=\"elementor elementor-30\" data-elementor-post-type=\"page\">\n\t\t\t\t<div class=\"elementor-element elementor-element-cc09e47 e-flex e-con-boxed e-con e-parent\" data-id=\"cc09e47\" data-element_type=\"container\" data-settings=\"{&quot;background_background&quot;:&quot;classic&quot;,&quot;shape_divider_bottom&quot;:&quot;curve&quot;,&quot;shape_divider_bottom_negative&quot;:&quot;yes&quot;}\">\n\t\t\t\t\t<div class=\"e-con-inner\">\n\t\t\t\t<div class=\"elementor-shape elementor-shape-bottom\" data-negative=\"true\">\n\t\t\t<svg xmlns=\"http:\/\/www.w3.org\/2000\/svg\" viewbox=\"0 0 1000 100\" preserveaspectratio=\"none\">\n\t<path class=\"elementor-shape-fill\" d=\"M500,97C126.7,96.3,0.8,19.8,0,0v100l1000,0V1C1000,19.4,873.3,97.8,500,97z\"\/>\n<\/svg>\t\t<\/div>\n\t\t\t\t\t<\/div>\n\t\t\t\t<\/div>\n\t\t<div class=\"elementor-element elementor-element-3ea8f983 e-flex e-con-boxed e-con e-parent\" data-id=\"3ea8f983\" data-element_type=\"container\">\n\t\t\t\t\t<div class=\"e-con-inner\">\n\t\t<div class=\"elementor-element elementor-element-436338c2 e-con-full e-flex e-con e-child\" data-id=\"436338c2\" data-element_type=\"container\">\n\t\t\t\t<div class=\"elementor-element elementor-element-27b397da sin-margen elementor-widget elementor-widget-text-editor\" data-id=\"27b397da\" data-element_type=\"widget\" data-widget_type=\"text-editor.default\">\n\t\t\t\t<div class=\"elementor-widget-container\">\n\t\t\t\t\t\t\t\t\t<p data-start=\"98\" data-end=\"245\"><strong data-start=\"98\" data-end=\"139\">What would you like to join our team?<\/strong><br data-start=\"139\" data-end=\"142\" \/>Si est\u00e1s interesado en trabajar con nosotros, completa el siguiente formulario e incluye tu curr\u00edculum.<\/p><p data-start=\"247\" data-end=\"557\">Buscamos profesionales con pasi\u00f3n por la ense\u00f1anza y experiencia docente en diversas materias. Si tu perfil se ajusta a nuestras necesidades, nos pondremos en contacto contigo para una entrevista personal. Si por el contrario, no hay vacantes disponibles, conservaremos tu informaci\u00f3n para futuras oportunidades.<\/p><p data-start=\"559\" data-end=\"587\">We hope to meet you soon!<\/p>\t\t\t\t\t\t\t\t<\/div>\n\t\t\t\t<\/div>\n\t\t\t\t<\/div>\n\t\t<div class=\"elementor-element elementor-element-4bc5f7f e-con-full e-flex e-con e-child\" data-id=\"4bc5f7f\" data-element_type=\"container\">\n\t\t\t\t<div class=\"elementor-element elementor-element-1d24da05 sin-margen elementor-widget elementor-widget-text-editor\" data-id=\"1d24da05\" data-element_type=\"widget\" data-widget_type=\"text-editor.default\">\n\t\t\t\t<div class=\"elementor-widget-container\">\n\t\t\t\t\t\t\t\t\t<p>The fields marked <span style=\"color: #ff0000;\">*<\/span> are mandatory<\/p>\t\t\t\t\t\t\t\t<\/div>\n\t\t\t\t<\/div>\n\t\t\t\t<div class=\"elementor-element elementor-element-34aa847d elementor-button-align-stretch elementor-widget elementor-widget-form\" data-id=\"34aa847d\" data-element_type=\"widget\" data-settings=\"{&quot;step_next_label&quot;:&quot;Next&quot;,&quot;step_previous_label&quot;:&quot;Previous&quot;,&quot;button_width&quot;:&quot;100&quot;,&quot;step_type&quot;:&quot;number_text&quot;,&quot;step_icon_shape&quot;:&quot;circle&quot;}\" data-widget_type=\"form.default\">\n\t\t\t\t<div class=\"elementor-widget-container\">\n\t\t\t\t\t\t\t<form class=\"elementor-form\" method=\"post\" name=\"Solicitud de trabajo\" action=\"\">\n\t\t\t<input type=\"hidden\" name=\"post_id\" value=\"30\"\/>\n\t\t\t<input type=\"hidden\" name=\"form_id\" value=\"34aa847d\"\/>\n\t\t\t<input type=\"hidden\" name=\"referer_title\" value=\"\u00bfQuieres trabajar con nosotros? - m3pclases\" \/>\n\n\t\t\t\t\t\t\t<input type=\"hidden\" name=\"queried_id\" value=\"30\"\/>\n\t\t\t\n\t\t\t<div class=\"elementor-form-fields-wrapper elementor-labels-\">\n\t\t\t\t\t\t\t\t<div class=\"elementor-field-type-text elementor-field-group elementor-column elementor-field-group-name elementor-col-100 elementor-field-required\">\n\t\t\t\t\t\t\t\t\t\t\t\t<label for=\"form-field-name\" class=\"elementor-field-label elementor-screen-only\">\n\t\t\t\t\t\t\t\tName\t\t\t\t\t\t\t<\/label>\n\t\t\t\t\t\t\t\t\t\t\t\t\t\t<input size=\"1\" type=\"text\" name=\"form_fields[name]\" id=\"form-field-name\" class=\"elementor-field elementor-size-sm  elementor-field-textual\" placeholder=\"Name*\" required=\"required\" aria-required=\"true\">\n\t\t\t\t\t\t\t\t\t\t\t<\/div>\n\t\t\t\t\t\t\t\t<div class=\"elementor-field-type-email elementor-field-group elementor-column elementor-field-group-email elementor-col-100 elementor-field-required\">\n\t\t\t\t\t\t\t\t\t\t\t\t<label for=\"form-field-email\" class=\"elementor-field-label elementor-screen-only\">\n\t\t\t\t\t\t\t\tEmail\t\t\t\t\t\t\t<\/label>\n\t\t\t\t\t\t\t\t\t\t\t\t\t\t<input size=\"1\" type=\"email\" name=\"form_fields[email]\" id=\"form-field-email\" class=\"elementor-field elementor-size-sm  elementor-field-textual\" placeholder=\"Email*\" required=\"required\" aria-required=\"true\">\n\t\t\t\t\t\t\t\t\t\t\t<\/div>\n\t\t\t\t\t\t\t\t<div class=\"elementor-field-type-tel elementor-field-group elementor-column elementor-field-group-field_003c0a4 elementor-col-100\">\n\t\t\t\t\t\t\t\t\t\t\t\t<label for=\"form-field-field_003c0a4\" class=\"elementor-field-label elementor-screen-only\">\n\t\t\t\t\t\t\t\tPhone\t\t\t\t\t\t\t<\/label>\n\t\t\t\t\t\t\t\t<input size=\"1\" type=\"tel\" name=\"form_fields[field_003c0a4]\" id=\"form-field-field_003c0a4\" class=\"elementor-field elementor-size-sm  elementor-field-textual\" placeholder=\"Phone\" pattern=\"[0-9()#&amp;+*-=.]+\" title=\"Only numbers and phone characters (#, -, *, etc.) are accepted.\" data-no-translation-title=\"\">\n\n\t\t\t\t\t\t<\/div>\n\t\t\t\t\t\t\t\t<div class=\"elementor-field-type-textarea elementor-field-group elementor-column elementor-field-group-message elementor-col-100 elementor-field-required\">\n\t\t\t\t\t\t\t\t\t\t\t\t<label for=\"form-field-message\" class=\"elementor-field-label elementor-screen-only\">\n\t\t\t\t\t\t\t\tMessage\t\t\t\t\t\t\t<\/label>\n\t\t\t\t\t\t<textarea class=\"elementor-field-textual elementor-field  elementor-size-sm\" name=\"form_fields[message]\" id=\"form-field-message\" rows=\"4\" placeholder=\"Mensaje*\" required=\"required\" aria-required=\"true\"><\/textarea>\t\t\t\t<\/div>\n\t\t\t\t\t\t\t\t<div class=\"elementor-field-type-upload elementor-field-group elementor-column elementor-field-group-field_b8939a0 elementor-col-100\">\n\t\t\t\t\t\t\t\t\t\t\t\t<label for=\"form-field-field_b8939a0\" class=\"elementor-field-label elementor-screen-only\">\n\t\t\t\t\t\t\t\tFile\t\t\t\t\t\t\t<\/label>\n\t\t\t\t\t\t\t\t<input type=\"file\" name=\"form_fields[field_b8939a0]\" id=\"form-field-field_b8939a0\" class=\"elementor-field elementor-size-sm  elementor-upload-field\" data-maxsize=\"3\" data-maxsize-message=\"This file exceeds the maximum allowed size.\" data-no-translation-data-maxsize-message=\"\">\n\n\t\t\t\t\t\t<\/div>\n\t\t\t\t\t\t\t\t<div class=\"elementor-field-type-html elementor-field-group elementor-column elementor-field-group-field_3ca8798 elementor-col-100\">\n\t\t\t\t\tFormat of files allowed: .pdf, .doc and .docx with a maximum of 3mb.\t\t\t\t<\/div>\n\t\t\t\t\t\t\t\t<div class=\"elementor-field-type-acceptance elementor-field-group elementor-column elementor-field-group-field_74c5392 elementor-col-100 elementor-field-required\">\n\t\t\t\t\t\t\t\t\t\t\t\t<label for=\"form-field-field_74c5392\" class=\"elementor-field-label elementor-screen-only\">\n\t\t\t\t\t\t\t\tPrivacy policy\t\t\t\t\t\t\t<\/label>\n\t\t\t\t\t\t\t\t<div class=\"elementor-field-subgroup\">\n\t\t\t<span class=\"elementor-field-option\">\n\t\t\t\t<input type=\"checkbox\" name=\"form_fields[field_74c5392]\" id=\"form-field-field_74c5392\" class=\"elementor-field elementor-size-sm  elementor-acceptance-field\" required=\"required\" aria-required=\"true\">\n\t\t\t\t<label for=\"form-field-field_74c5392\">I have read and accept the <a taget=\"_blank\" href=\"https:\/\/m3pclases.com\/en\/politica-de-privacidad\/\">Privacy policy.<\/a><\/label>\t\t\t<\/span>\n\t\t<\/div>\n\t\t\t\t\t\t<\/div>\n\t\t\t\t\t\t\t\t<div class=\"elementor-field-group elementor-column elementor-field-type-submit elementor-col-100 e-form__buttons\">\n\t\t\t\t\t<button class=\"elementor-button elementor-size-sm\" type=\"submit\">\n\t\t\t\t\t\t<span class=\"elementor-button-content-wrapper\">\n\t\t\t\t\t\t\t\t\t\t\t\t\t\t\t\t\t\t\t\t\t\t<span class=\"elementor-button-text\">Send<\/span>\n\t\t\t\t\t\t\t\t\t\t\t\t\t<\/span>\n\t\t\t\t\t<\/button>\n\t\t\t\t<\/div>\n\t\t\t<\/div>\n\t\t<input type=\"hidden\" name=\"trp-form-language\" value=\"en\"\/><\/form>\n\t\t\t\t\t\t<\/div>\n\t\t\t\t<\/div>\n\t\t\t\t<\/div>\n\t\t\t\t\t<\/div>\n\t\t\t\t<\/div>\n\t\t\t\t<\/div>","protected":false},"excerpt":{"rendered":"<p>\u00bfTe gustar\u00eda unirte a nuestro equipo?Si est\u00e1s interesado en trabajar con nosotros, completa el siguiente formulario e incluye tu curr\u00edculum. Buscamos profesionales con pasi\u00f3n por la ense\u00f1anza y experiencia docente en diversas materias. Si tu perfil se ajusta a nuestras necesidades, nos pondremos en contacto contigo para una entrevista personal. Si por el contrario, no [&hellip;]<\/p>","protected":false},"author":1,"featured_media":0,"parent":0,"menu_order":0,"comment_status":"closed","ping_status":"closed","template":"","meta":{"footnotes":""},"class_list":["post-30","page","type-page","status-publish","hentry"],"yoast_head":"<!-- This site is optimized with the Yoast SEO plugin v26.2 - https:\/\/yoast.com\/wordpress\/plugins\/seo\/ -->\n<title>\u00bfQuieres trabajar con nosotros? - m3pclases<\/title>\n<meta name=\"robots\" content=\"index, follow, max-snippet:-1, max-image-preview:large, max-video-preview:-1\" \/>\n<link rel=\"canonical\" href=\"https:\/\/m3pclases.com\/en\/quieres-trabajar-con-nosotros\/\" \/>\n<meta property=\"og:locale\" content=\"en_GB\" \/>\n<meta property=\"og:type\" content=\"article\" \/>\n<meta property=\"og:title\" content=\"\u00bfQuieres trabajar con nosotros? - m3pclases\" \/>\n<meta property=\"og:description\" content=\"\u00bfTe gustar\u00eda unirte a nuestro equipo?Si est\u00e1s interesado en trabajar con nosotros, completa el siguiente formulario e incluye tu curr\u00edculum. Buscamos profesionales con pasi\u00f3n por la ense\u00f1anza y experiencia docente en diversas materias. Si tu perfil se ajusta a nuestras necesidades, nos pondremos en contacto contigo para una entrevista personal. Si por el contrario, no [&hellip;]\" \/>\n<meta property=\"og:url\" content=\"https:\/\/m3pclases.com\/en\/quieres-trabajar-con-nosotros\/\" \/>\n<meta property=\"og:site_name\" content=\"m3pclases\" \/>\n<meta property=\"article:modified_time\" content=\"2025-08-03T09:53:49+00:00\" \/>\n<meta name=\"twitter:card\" content=\"summary_large_image\" \/>\n<script type=\"application\/ld+json\" class=\"yoast-schema-graph\">{\"@context\":\"https:\/\/schema.org\",\"@graph\":[{\"@type\":\"WebPage\",\"@id\":\"https:\/\/m3pclases.com\/quieres-trabajar-con-nosotros\/\",\"url\":\"https:\/\/m3pclases.com\/quieres-trabajar-con-nosotros\/\",\"name\":\"\u00bfQuieres trabajar con nosotros? - m3pclases\",\"isPartOf\":{\"@id\":\"https:\/\/m3pclases.com\/#website\"},\"datePublished\":\"2024-10-22T19:12:34+00:00\",\"dateModified\":\"2025-08-03T09:53:49+00:00\",\"breadcrumb\":{\"@id\":\"https:\/\/m3pclases.com\/quieres-trabajar-con-nosotros\/#breadcrumb\"},\"inLanguage\":\"en-GB\",\"potentialAction\":[{\"@type\":\"ReadAction\",\"target\":[\"https:\/\/m3pclases.com\/quieres-trabajar-con-nosotros\/\"]}]},{\"@type\":\"BreadcrumbList\",\"@id\":\"https:\/\/m3pclases.com\/quieres-trabajar-con-nosotros\/#breadcrumb\",\"itemListElement\":[{\"@type\":\"ListItem\",\"position\":1,\"name\":\"Portada\",\"item\":\"https:\/\/m3pclases.com\/\"},{\"@type\":\"ListItem\",\"position\":2,\"name\":\"\u00bfQuieres trabajar con nosotros?\"}]},{\"@type\":\"WebSite\",\"@id\":\"https:\/\/m3pclases.com\/#website\",\"url\":\"https:\/\/m3pclases.com\/\",\"name\":\"m3pclases\",\"description\":\"En nuestras academias en Alcal\u00e1 de Henares recibir\u00e1s clases de apoyo, refuerzo y recuperaci\u00f3n de asignaturas de cualquier nivel: Primaria, ESO, Bachillerato y Universidad.\",\"potentialAction\":[{\"@type\":\"SearchAction\",\"target\":{\"@type\":\"EntryPoint\",\"urlTemplate\":\"https:\/\/m3pclases.com\/?s={search_term_string}\"},\"query-input\":{\"@type\":\"PropertyValueSpecification\",\"valueRequired\":true,\"valueName\":\"search_term_string\"}}],\"inLanguage\":\"en-GB\"}]}<\/script>\n<!-- \/ Yoast SEO plugin. -->","yoast_head_json":{"title":"\u00bfQuieres trabajar con nosotros? - m3pclases","robots":{"index":"index","follow":"follow","max-snippet":"max-snippet:-1","max-image-preview":"max-image-preview:large","max-video-preview":"max-video-preview:-1"},"canonical":"https:\/\/m3pclases.com\/en\/quieres-trabajar-con-nosotros\/","og_locale":"en_GB","og_type":"article","og_title":"\u00bfQuieres trabajar con nosotros? - m3pclases","og_description":"\u00bfTe gustar\u00eda unirte a nuestro equipo?Si est\u00e1s interesado en trabajar con nosotros, completa el siguiente formulario e incluye tu curr\u00edculum. Buscamos profesionales con pasi\u00f3n por la ense\u00f1anza y experiencia docente en diversas materias. Si tu perfil se ajusta a nuestras necesidades, nos pondremos en contacto contigo para una entrevista personal. Si por el contrario, no [&hellip;]","og_url":"https:\/\/m3pclases.com\/en\/quieres-trabajar-con-nosotros\/","og_site_name":"m3pclases","article_modified_time":"2025-08-03T09:53:49+00:00","twitter_card":"summary_large_image","schema":{"@context":"https:\/\/schema.org","@graph":[{"@type":"WebPage","@id":"https:\/\/m3pclases.com\/quieres-trabajar-con-nosotros\/","url":"https:\/\/m3pclases.com\/quieres-trabajar-con-nosotros\/","name":"\u00bfQuieres trabajar con nosotros? - m3pclases","isPartOf":{"@id":"https:\/\/m3pclases.com\/#website"},"datePublished":"2024-10-22T19:12:34+00:00","dateModified":"2025-08-03T09:53:49+00:00","breadcrumb":{"@id":"https:\/\/m3pclases.com\/quieres-trabajar-con-nosotros\/#breadcrumb"},"inLanguage":"en-GB","potentialAction":[{"@type":"ReadAction","target":["https:\/\/m3pclases.com\/quieres-trabajar-con-nosotros\/"]}]},{"@type":"BreadcrumbList","@id":"https:\/\/m3pclases.com\/quieres-trabajar-con-nosotros\/#breadcrumb","itemListElement":[{"@type":"ListItem","position":1,"name":"Portada","item":"https:\/\/m3pclases.com\/"},{"@type":"ListItem","position":2,"name":"\u00bfQuieres trabajar con nosotros?"}]},{"@type":"WebSite","@id":"https:\/\/m3pclases.com\/#website","url":"https:\/\/m3pclases.com\/","name":"m3pclases","description":"En nuestras academias en Alcal\u00e1 de Henares recibir\u00e1s clases de apoyo, refuerzo y recuperaci\u00f3n de asignaturas de cualquier nivel: Primaria, ESO, Bachillerato y Universidad.","potentialAction":[{"@type":"SearchAction","target":{"@type":"EntryPoint","urlTemplate":"https:\/\/m3pclases.com\/?s={search_term_string}"},"query-input":{"@type":"PropertyValueSpecification","valueRequired":true,"valueName":"search_term_string"}}],"inLanguage":"en-GB"}]}},"_links":{"self":[{"href":"https:\/\/m3pclases.com\/en\/wp-json\/wp\/v2\/pages\/30","targetHints":{"allow":["GET"]}}],"collection":[{"href":"https:\/\/m3pclases.com\/en\/wp-json\/wp\/v2\/pages"}],"about":[{"href":"https:\/\/m3pclases.com\/en\/wp-json\/wp\/v2\/types\/page"}],"author":[{"embeddable":true,"href":"https:\/\/m3pclases.com\/en\/wp-json\/wp\/v2\/users\/1"}],"replies":[{"embeddable":true,"href":"https:\/\/m3pclases.com\/en\/wp-json\/wp\/v2\/comments?post=30"}],"version-history":[{"count":34,"href":"https:\/\/m3pclases.com\/en\/wp-json\/wp\/v2\/pages\/30\/revisions"}],"predecessor-version":[{"id":1413,"href":"https:\/\/m3pclases.com\/en\/wp-json\/wp\/v2\/pages\/30\/revisions\/1413"}],"wp:attachment":[{"href":"https:\/\/m3pclases.com\/en\/wp-json\/wp\/v2\/media?parent=30"}],"curies":[{"name":"wp","href":"https:\/\/api.w.org\/{rel}","templated":true}]}}