{"id":24,"date":"2024-10-22T19:11:00","date_gmt":"2024-10-22T19:11:00","guid":{"rendered":"https:\/\/m3pclases.com\/?page_id=24"},"modified":"2025-07-23T16:06:23","modified_gmt":"2025-07-23T16:06:23","slug":"curso-de-tecnicas-de-estudio","status":"publish","type":"page","link":"https:\/\/m3pclases.com\/en\/curso-de-tecnicas-de-estudio\/","title":{"rendered":"Course of Study Techniques"},"content":{"rendered":"<div data-elementor-type=\"wp-page\" data-elementor-id=\"24\" class=\"elementor elementor-24\" data-elementor-post-type=\"page\">\n\t\t\t\t<div class=\"elementor-element elementor-element-25eacc6 e-flex e-con-boxed e-con e-parent\" data-id=\"25eacc6\" data-element_type=\"container\" data-settings=\"{&quot;background_background&quot;:&quot;classic&quot;,&quot;shape_divider_bottom&quot;:&quot;curve&quot;,&quot;shape_divider_bottom_negative&quot;:&quot;yes&quot;}\">\n\t\t\t\t\t<div class=\"e-con-inner\">\n\t\t\t\t<div class=\"elementor-shape elementor-shape-bottom\" data-negative=\"true\">\n\t\t\t<svg xmlns=\"http:\/\/www.w3.org\/2000\/svg\" viewbox=\"0 0 1000 100\" preserveaspectratio=\"none\">\n\t<path class=\"elementor-shape-fill\" d=\"M500,97C126.7,96.3,0.8,19.8,0,0v100l1000,0V1C1000,19.4,873.3,97.8,500,97z\"\/>\n<\/svg>\t\t<\/div>\n\t\t\t\t\t<\/div>\n\t\t\t\t<\/div>\n\t\t<div class=\"elementor-element elementor-element-40892712 e-flex e-con-boxed elementor-invisible e-con e-parent\" data-id=\"40892712\" data-element_type=\"container\" data-settings=\"{&quot;animation&quot;:&quot;fadeInUp&quot;}\">\n\t\t\t\t\t<div class=\"e-con-inner\">\n\t\t<div class=\"elementor-element elementor-element-432d3ccd e-con-full e-flex e-con e-child\" data-id=\"432d3ccd\" data-element_type=\"container\">\n\t\t\t\t<div class=\"elementor-element elementor-element-74f2d6bc elementor-widget elementor-widget-heading\" data-id=\"74f2d6bc\" data-element_type=\"widget\" data-widget_type=\"heading.default\">\n\t\t\t\t<div class=\"elementor-widget-container\">\n\t\t\t\t\t<h2 class=\"elementor-heading-title elementor-size-default\">Con el uso de t\u00e9cnicas de estudio todo es mas f\u00e1cil<\/h2>\t\t\t\t<\/div>\n\t\t\t\t<\/div>\n\t\t\t\t<div class=\"elementor-element elementor-element-15da259c elementor-widget elementor-widget-heading\" data-id=\"15da259c\" data-element_type=\"widget\" data-widget_type=\"heading.default\">\n\t\t\t\t<div class=\"elementor-widget-container\">\n\t\t\t\t\t<h2 class=\"elementor-heading-title elementor-size-default\">Descubrelo con nosotros <\/h2>\t\t\t\t<\/div>\n\t\t\t\t<\/div>\n\t\t\t\t<div class=\"elementor-element elementor-element-3b589515 elementor-widget-divider--view-line_icon elementor-view-default elementor-widget-divider--element-align-center elementor-widget elementor-widget-divider\" data-id=\"3b589515\" data-element_type=\"widget\" data-widget_type=\"divider.default\">\n\t\t\t\t<div class=\"elementor-widget-container\">\n\t\t\t\t\t\t\t<div class=\"elementor-divider\">\n\t\t\t<span class=\"elementor-divider-separator\">\n\t\t\t\t\t\t\t<div class=\"elementor-icon elementor-divider__element\">\n\t\t\t\t\t<svg xmlns=\"http:\/\/www.w3.org\/2000\/svg\" xmlns:xlink=\"http:\/\/www.w3.org\/1999\/xlink\" id=\"Capa_1\" x=\"0px\" y=\"0px\" width=\"266px\" height=\"266px\" viewbox=\"0 0 266 266\" xml:space=\"preserve\"><circle fill-rule=\"evenodd\" clip-rule=\"evenodd\" fill=\"#FF0000\" cx=\"133\" cy=\"133\" r=\"132.5\"><\/circle><path fill-rule=\"evenodd\" clip-rule=\"evenodd\" fill=\"#520001\" d=\"M186.894,40.301c4.07,2.571,7.737,5.779,11.758,8.87 c-17.28,33.729-34.265,66.796-51.125,99.926c-1.795,3.527-4.054,5.234-8.098,4.994c-4.138-0.248-8.312-0.119-12.458,0.086 c-2.954,0.146-4.334-0.908-4.885-3.916c-5.472-29.761-11.104-59.495-16.573-89.259c-1.255-6.827-0.206-7.987,6.689-9.321 c22.578-4.365,45.137-8.837,67.75-13.016C182.122,38.265,184.969,39.086,186.894,40.301z M150.987,182.916 c-14.661-10.711-39.188-10.578-53.758,0.287c-13.705,10.223-13.286,27.348,0.96,36.842c7.707,5.141,16.286,7.447,24.843,7.385 c10.628,0.17,19.943-1.994,28.067-7.965C164.855,209.354,164.762,192.979,150.987,182.916z\"><\/path><path fill-rule=\"evenodd\" clip-rule=\"evenodd\" fill=\"#FFCF00\" d=\"M176.957,32.146c4.07,2.571,7.737,5.778,11.758,8.87 c-17.28,33.729-34.265,66.796-51.124,99.926c-1.796,3.525-4.055,5.236-8.099,4.994c-4.138-0.248-8.312-0.117-12.458,0.086 c-2.953,0.146-4.333-0.908-4.885-3.914c-5.472-29.762-11.104-59.496-16.573-89.261c-1.255-6.827-0.205-7.987,6.689-9.321 c22.579-4.365,45.137-8.838,67.75-13.016C172.187,30.109,175.032,30.931,176.957,32.146z M141.051,174.76 c-14.661-10.709-39.188-10.578-53.758,0.289c-13.705,10.221-13.286,27.346,0.96,36.84c7.707,5.139,16.286,7.447,24.844,7.385 c10.627,0.17,19.942-1.992,28.066-7.963C154.919,201.197,154.825,184.822,141.051,174.76z\"><\/path><\/svg><\/div>\n\t\t\t\t\t\t<\/span>\n\t\t<\/div>\n\t\t\t\t\t\t<\/div>\n\t\t\t\t<\/div>\n\t\t\t\t<div class=\"elementor-element elementor-element-7b4bb7e elementor-widget elementor-widget-heading\" data-id=\"7b4bb7e\" data-element_type=\"widget\" data-widget_type=\"heading.default\">\n\t\t\t\t<div class=\"elementor-widget-container\">\n\t\t\t\t\t<h2 class=\"elementor-heading-title elementor-size-default\">How you can improve your performance without realizing it<\/h2>\t\t\t\t<\/div>\n\t\t\t\t<\/div>\n\t\t\t\t<div class=\"elementor-element elementor-element-7cb7e07 elementor-widget elementor-widget-text-editor\" data-id=\"7cb7e07\" data-element_type=\"widget\" data-widget_type=\"text-editor.default\">\n\t\t\t\t<div class=\"elementor-widget-container\">\n\t\t\t\t\t\t\t\t\t<p><span lang=\"ES\">In M3PCLASES, we offer courses of study techniques that are designed for people of all ages and situations. Our programs are carefully crafted to provide practical tools and effective to enhance the learning capacity and efficiency in the preparation of tests and assignments. Whether you&#039;re a school student, college, or a professional in the workplace, our study techniques are adaptable and easy to apply in any context, educational or professional.<\/span><\/p>\t\t\t\t\t\t\t\t<\/div>\n\t\t\t\t<\/div>\n\t\t\t\t<\/div>\n\t\t\t\t\t<\/div>\n\t\t\t\t<\/div>\n\t\t<div class=\"elementor-element elementor-element-41f4ce7e e-flex e-con-boxed e-con e-parent\" data-id=\"41f4ce7e\" data-element_type=\"container\">\n\t\t\t\t\t<div class=\"e-con-inner\">\n\t\t<div class=\"elementor-element elementor-element-20e45d65 e-con-full e-flex e-con e-child\" data-id=\"20e45d65\" data-element_type=\"container\" data-settings=\"{&quot;background_background&quot;:&quot;classic&quot;}\">\n\t\t\t\t<\/div>\n\t\t<div class=\"elementor-element elementor-element-40ec47cd e-con-full e-flex e-con e-child\" data-id=\"40ec47cd\" data-element_type=\"container\" data-settings=\"{&quot;motion_fx_motion_fx_scrolling&quot;:&quot;yes&quot;,&quot;motion_fx_translateX_effect&quot;:&quot;yes&quot;,&quot;motion_fx_translateX_affectedRange&quot;:{&quot;unit&quot;:&quot;%&quot;,&quot;size&quot;:&quot;&quot;,&quot;sizes&quot;:{&quot;start&quot;:0,&quot;end&quot;:50}},&quot;motion_fx_devices&quot;:[&quot;desktop&quot;,&quot;laptop&quot;,&quot;tablet&quot;],&quot;motion_fx_translateX_speed&quot;:{&quot;unit&quot;:&quot;px&quot;,&quot;size&quot;:4,&quot;sizes&quot;:[]}}\">\n\t\t<div class=\"elementor-element elementor-element-fa01593 e-con-full e-flex e-con e-child\" data-id=\"fa01593\" data-element_type=\"container\" data-settings=\"{&quot;background_background&quot;:&quot;classic&quot;}\">\n\t\t\t\t<div class=\"elementor-element elementor-element-5af40086 elementor-widget elementor-widget-heading\" data-id=\"5af40086\" data-element_type=\"widget\" data-widget_type=\"heading.default\">\n\t\t\t\t<div class=\"elementor-widget-container\">\n\t\t\t\t\t<h2 class=\"elementor-heading-title elementor-size-default\">Menos tiempo de estudio + rendimiento=<\/h2>\t\t\t\t<\/div>\n\t\t\t\t<\/div>\n\t\t\t\t<div class=\"elementor-element elementor-element-6ca1ca67 elementor-widget elementor-widget-heading\" data-id=\"6ca1ca67\" data-element_type=\"widget\" data-widget_type=\"heading.default\">\n\t\t\t\t<div class=\"elementor-widget-container\">\n\t\t\t\t\t<h2 class=\"elementor-heading-title elementor-size-default\">buenas notas<\/h2>\t\t\t\t<\/div>\n\t\t\t\t<\/div>\n\t\t\t\t<\/div>\n\t\t\t\t<\/div>\n\t\t\t\t\t<\/div>\n\t\t\t\t<\/div>\n\t\t<div class=\"elementor-element elementor-element-79be1945 e-flex e-con-boxed e-con e-parent\" data-id=\"79be1945\" data-element_type=\"container\">\n\t\t\t\t\t<div class=\"e-con-inner\">\n\t\t<div class=\"elementor-element elementor-element-1aac7021 e-con-full e-flex e-con e-child\" data-id=\"1aac7021\" data-element_type=\"container\">\n\t\t\t\t<div class=\"elementor-element elementor-element-ee4f8dc elementor-widget elementor-widget-text-editor\" data-id=\"ee4f8dc\" data-element_type=\"widget\" data-widget_type=\"text-editor.default\">\n\t\t\t\t<div class=\"elementor-widget-container\">\n\t\t\t\t\t\t\t\t\t<p><span lang=\"ES\">In M3PCLASES, we are renowned for offering a personalized approach in the teaching of study skills. Our team of highly trained professionals uses proven methods, adapted to the individual needs of each student. Through interactive sessions and practices, we offer effective strategies for time management, note-taking, memorization and preparation for exams. In addition, we provide guidance on how to improve concentration, motivation, and stress management during the process of study. With a practical approach and custom, our courses of study techniques are a valuable investment in the academic and professional development of our students.<\/span><\/p>\t\t\t\t\t\t\t\t<\/div>\n\t\t\t\t<\/div>\n\t\t\t\t<div class=\"elementor-element elementor-element-2af68451 elementor-align-center elementor-widget elementor-widget-button\" data-id=\"2af68451\" data-element_type=\"widget\" data-widget_type=\"button.default\">\n\t\t\t\t<div class=\"elementor-widget-container\">\n\t\t\t\t\t\t\t\t\t<div class=\"elementor-button-wrapper\">\n\t\t\t\t\t<a class=\"elementor-button elementor-button-link elementor-size-sm\" href=\"https:\/\/m3pclases.com\/wp-content\/uploads\/2024\/12\/Listado-de-Asignaturas-impartidas-en-M3PCLASES-Grados-UAH.pdf\" target=\"_blank\">\n\t\t\t\t\t\t<span class=\"elementor-button-content-wrapper\">\n\t\t\t\t\t\t<span class=\"elementor-button-icon\">\n\t\t\t\t<svg aria-hidden=\"true\" class=\"e-font-icon-svg e-fas-mouse-pointer\" viewbox=\"0 0 320 512\" xmlns=\"http:\/\/www.w3.org\/2000\/svg\"><path d=\"M302.189 329.126H196.105l55.831 135.993c3.889 9.428-.555 19.999-9.444 23.999l-49.165 21.427c-9.165 4-19.443-.571-23.332-9.714l-53.053-129.136-86.664 89.138C18.729 472.71 0 463.554 0 447.977V18.299C0 1.899 19.921-6.096 30.277 5.443l284.412 292.542c11.472 11.179 3.007 31.141-12.5 31.141z\"><\/path><\/svg>\t\t\t<\/span>\n\t\t\t\t\t\t\t\t\t<span class=\"elementor-button-text\">Si prefieres hacer el curso online , haz clic aqu\u00ed<\/span>\n\t\t\t\t\t<\/span>\n\t\t\t\t\t<\/a>\n\t\t\t\t<\/div>\n\t\t\t\t\t\t\t\t<\/div>\n\t\t\t\t<\/div>\n\t\t\t\t<\/div>\n\t\t\t\t\t<\/div>\n\t\t\t\t<\/div>\n\t\t<div class=\"elementor-element elementor-element-6ac7e68 e-flex e-con-boxed e-con e-parent\" data-id=\"6ac7e68\" data-element_type=\"container\">\n\t\t\t\t\t<div class=\"e-con-inner\">\n\t\t<div class=\"elementor-element elementor-element-3db4132 e-con-full e-flex e-con e-child\" data-id=\"3db4132\" data-element_type=\"container\">\n\t\t\t\t<div class=\"elementor-element elementor-element-01cc44a elementor-widget elementor-widget-heading\" data-id=\"01cc44a\" data-element_type=\"widget\" data-widget_type=\"heading.default\">\n\t\t\t\t<div class=\"elementor-widget-container\">\n\t\t\t\t\t<h2 class=\"elementor-heading-title elementor-size-default\">Want more information?<\/h2>\t\t\t\t<\/div>\n\t\t\t\t<\/div>\n\t\t\t\t<div class=\"elementor-element elementor-element-08dcfa6 sin-margen elementor-widget elementor-widget-text-editor\" data-id=\"08dcfa6\" data-element_type=\"widget\" data-widget_type=\"text-editor.default\">\n\t\t\t\t<div class=\"elementor-widget-container\">\n\t\t\t\t\t\t\t\t\t<p>Fill in the following form and as soon as possible, we will respond to you:<\/p>\t\t\t\t\t\t\t\t<\/div>\n\t\t\t\t<\/div>\n\t\t\t\t<div class=\"elementor-element elementor-element-f5bc1ff sin-margen elementor-widget elementor-widget-text-editor\" data-id=\"f5bc1ff\" data-element_type=\"widget\" data-widget_type=\"text-editor.default\">\n\t\t\t\t<div class=\"elementor-widget-container\">\n\t\t\t\t\t\t\t\t\t<p>The fields marked <span style=\"color: #ff0000;\">*<\/span> are mandatory<\/p>\t\t\t\t\t\t\t\t<\/div>\n\t\t\t\t<\/div>\n\t\t\t\t<div class=\"elementor-element elementor-element-192049c elementor-button-align-stretch elementor-widget elementor-widget-form\" data-id=\"192049c\" data-element_type=\"widget\" data-settings=\"{&quot;step_next_label&quot;:&quot;Next&quot;,&quot;step_previous_label&quot;:&quot;Previous&quot;,&quot;button_width&quot;:&quot;100&quot;,&quot;step_type&quot;:&quot;number_text&quot;,&quot;step_icon_shape&quot;:&quot;circle&quot;}\" data-widget_type=\"form.default\">\n\t\t\t\t<div class=\"elementor-widget-container\">\n\t\t\t\t\t\t\t<form class=\"elementor-form\" method=\"post\" name=\"Solicitud de pruebas de acceso\" action=\"\">\n\t\t\t<input type=\"hidden\" name=\"post_id\" value=\"24\"\/>\n\t\t\t<input type=\"hidden\" name=\"form_id\" value=\"192049c\"\/>\n\t\t\t<input type=\"hidden\" name=\"referer_title\" value=\"Curso de T\u00e9cnicas de Estudio - m3pclases\" \/>\n\n\t\t\t\t\t\t\t<input type=\"hidden\" name=\"queried_id\" value=\"24\"\/>\n\t\t\t\n\t\t\t<div class=\"elementor-form-fields-wrapper elementor-labels-\">\n\t\t\t\t\t\t\t\t<div class=\"elementor-field-type-text elementor-field-group elementor-column elementor-field-group-name elementor-col-100 elementor-field-required\">\n\t\t\t\t\t\t\t\t\t\t\t\t<label for=\"form-field-name\" class=\"elementor-field-label elementor-screen-only\">\n\t\t\t\t\t\t\t\tName\t\t\t\t\t\t\t<\/label>\n\t\t\t\t\t\t\t\t\t\t\t\t\t\t<input size=\"1\" type=\"text\" name=\"form_fields[name]\" id=\"form-field-name\" class=\"elementor-field elementor-size-sm  elementor-field-textual\" placeholder=\"Name*\" required=\"required\" aria-required=\"true\">\n\t\t\t\t\t\t\t\t\t\t\t<\/div>\n\t\t\t\t\t\t\t\t<div class=\"elementor-field-type-email elementor-field-group elementor-column elementor-field-group-email elementor-col-100 elementor-field-required\">\n\t\t\t\t\t\t\t\t\t\t\t\t<label for=\"form-field-email\" class=\"elementor-field-label elementor-screen-only\">\n\t\t\t\t\t\t\t\tEmail\t\t\t\t\t\t\t<\/label>\n\t\t\t\t\t\t\t\t\t\t\t\t\t\t<input size=\"1\" type=\"email\" name=\"form_fields[email]\" id=\"form-field-email\" class=\"elementor-field elementor-size-sm  elementor-field-textual\" placeholder=\"Email*\" required=\"required\" aria-required=\"true\">\n\t\t\t\t\t\t\t\t\t\t\t<\/div>\n\t\t\t\t\t\t\t\t<div class=\"elementor-field-type-tel elementor-field-group elementor-column elementor-field-group-field_003c0a4 elementor-col-100 elementor-field-required\">\n\t\t\t\t\t\t\t\t\t\t\t\t<label for=\"form-field-field_003c0a4\" class=\"elementor-field-label elementor-screen-only\">\n\t\t\t\t\t\t\t\tPhone\t\t\t\t\t\t\t<\/label>\n\t\t\t\t\t\t\t\t<input size=\"1\" type=\"tel\" name=\"form_fields[field_003c0a4]\" id=\"form-field-field_003c0a4\" class=\"elementor-field elementor-size-sm  elementor-field-textual\" placeholder=\"Tel\u00e9fono*\" required=\"required\" aria-required=\"true\" pattern=\"[0-9()#&amp;+*-=.]+\" title=\"Only numbers and phone characters (#, -, *, etc.) are accepted.\" data-no-translation-title=\"\">\n\n\t\t\t\t\t\t<\/div>\n\t\t\t\t\t\t\t\t<div class=\"elementor-field-type-textarea elementor-field-group elementor-column elementor-field-group-message elementor-col-100 elementor-field-required\">\n\t\t\t\t\t\t\t\t\t\t\t\t<label for=\"form-field-message\" class=\"elementor-field-label elementor-screen-only\">\n\t\t\t\t\t\t\t\tMessage\t\t\t\t\t\t\t<\/label>\n\t\t\t\t\t\t<textarea class=\"elementor-field-textual elementor-field  elementor-size-sm\" name=\"form_fields[message]\" id=\"form-field-message\" rows=\"4\" placeholder=\"Mensaje*\" required=\"required\" aria-required=\"true\"><\/textarea>\t\t\t\t<\/div>\n\t\t\t\t\t\t\t\t<div class=\"elementor-field-type-acceptance elementor-field-group elementor-column elementor-field-group-field_c543b3c elementor-col-100\">\n\t\t\t\t\t\t\t\t\t\t\t\t<label for=\"form-field-field_c543b3c\" class=\"elementor-field-label elementor-screen-only\">\n\t\t\t\t\t\t\t\tPrivacy policy\t\t\t\t\t\t\t<\/label>\n\t\t\t\t\t\t\t\t<div class=\"elementor-field-subgroup\">\n\t\t\t<span class=\"elementor-field-option\">\n\t\t\t\t<input type=\"checkbox\" name=\"form_fields[field_c543b3c]\" id=\"form-field-field_c543b3c\" class=\"elementor-field elementor-size-sm  elementor-acceptance-field\">\n\t\t\t\t<label for=\"form-field-field_c543b3c\">I have read and accept the <a taget=\"_blank\" href=\"https:\/\/m3pclases.com\/en\/politica-de-privacidad\/\">Privacy policy.<\/a><\/label>\t\t\t<\/span>\n\t\t<\/div>\n\t\t\t\t\t\t<\/div>\n\t\t\t\t\t\t\t\t<div class=\"elementor-field-group elementor-column elementor-field-type-submit elementor-col-100 e-form__buttons\">\n\t\t\t\t\t<button class=\"elementor-button elementor-size-sm\" type=\"submit\">\n\t\t\t\t\t\t<span class=\"elementor-button-content-wrapper\">\n\t\t\t\t\t\t\t\t\t\t\t\t\t\t\t\t\t\t\t\t\t\t<span class=\"elementor-button-text\">Send<\/span>\n\t\t\t\t\t\t\t\t\t\t\t\t\t<\/span>\n\t\t\t\t\t<\/button>\n\t\t\t\t<\/div>\n\t\t\t<\/div>\n\t\t<input type=\"hidden\" name=\"trp-form-language\" value=\"en\"\/><\/form>\n\t\t\t\t\t\t<\/div>\n\t\t\t\t<\/div>\n\t\t\t\t<\/div>\n\t\t\t\t\t<\/div>\n\t\t\t\t<\/div>\n\t\t\t\t<\/div>","protected":false},"excerpt":{"rendered":"<p>Con el uso de t\u00e9cnicas de estudio todo es mas f\u00e1cil Descubrelo con nosotros C\u00f3mo puedes mejorar tu rendimiento sin darte cuenta En M3PCLASES, ofrecemos cursos de t\u00e9cnicas de estudio dise\u00f1ados para personas de todas las edades y situaciones. Nuestros programas est\u00e1n cuidadosamente elaborados para brindar herramientas pr\u00e1cticas y efectivas que potencien la capacidad de [&hellip;]<\/p>","protected":false},"author":1,"featured_media":0,"parent":0,"menu_order":0,"comment_status":"closed","ping_status":"closed","template":"","meta":{"footnotes":""},"class_list":["post-24","page","type-page","status-publish","hentry"],"yoast_head":"<!-- This site is optimized with the Yoast SEO plugin v26.2 - https:\/\/yoast.com\/wordpress\/plugins\/seo\/ -->\n<title>Curso de T\u00e9cnicas de Estudio - m3pclases<\/title>\n<meta name=\"robots\" content=\"index, follow, max-snippet:-1, max-image-preview:large, max-video-preview:-1\" \/>\n<link rel=\"canonical\" href=\"https:\/\/m3pclases.com\/en\/curso-de-tecnicas-de-estudio\/\" \/>\n<meta property=\"og:locale\" content=\"en_GB\" \/>\n<meta property=\"og:type\" content=\"article\" \/>\n<meta property=\"og:title\" content=\"Curso de T\u00e9cnicas de Estudio - m3pclases\" \/>\n<meta property=\"og:description\" content=\"Con el uso de t\u00e9cnicas de estudio todo es mas f\u00e1cil Descubrelo con nosotros C\u00f3mo puedes mejorar tu rendimiento sin darte cuenta En M3PCLASES, ofrecemos cursos de t\u00e9cnicas de estudio dise\u00f1ados para personas de todas las edades y situaciones. Nuestros programas est\u00e1n cuidadosamente elaborados para brindar herramientas pr\u00e1cticas y efectivas que potencien la capacidad de [&hellip;]\" \/>\n<meta property=\"og:url\" content=\"https:\/\/m3pclases.com\/en\/curso-de-tecnicas-de-estudio\/\" \/>\n<meta property=\"og:site_name\" content=\"m3pclases\" \/>\n<meta property=\"article:modified_time\" content=\"2025-07-23T16:06:23+00:00\" \/>\n<meta name=\"twitter:card\" content=\"summary_large_image\" \/>\n<meta name=\"twitter:label1\" content=\"Estimated reading time\" \/>\n\t<meta name=\"twitter:data1\" content=\"1 minute\" \/>\n<script type=\"application\/ld+json\" class=\"yoast-schema-graph\">{\"@context\":\"https:\/\/schema.org\",\"@graph\":[{\"@type\":\"WebPage\",\"@id\":\"https:\/\/m3pclases.com\/curso-de-tecnicas-de-estudio\/\",\"url\":\"https:\/\/m3pclases.com\/curso-de-tecnicas-de-estudio\/\",\"name\":\"Curso de T\u00e9cnicas de Estudio - m3pclases\",\"isPartOf\":{\"@id\":\"https:\/\/m3pclases.com\/#website\"},\"datePublished\":\"2024-10-22T19:11:00+00:00\",\"dateModified\":\"2025-07-23T16:06:23+00:00\",\"breadcrumb\":{\"@id\":\"https:\/\/m3pclases.com\/curso-de-tecnicas-de-estudio\/#breadcrumb\"},\"inLanguage\":\"en-GB\",\"potentialAction\":[{\"@type\":\"ReadAction\",\"target\":[\"https:\/\/m3pclases.com\/curso-de-tecnicas-de-estudio\/\"]}]},{\"@type\":\"BreadcrumbList\",\"@id\":\"https:\/\/m3pclases.com\/curso-de-tecnicas-de-estudio\/#breadcrumb\",\"itemListElement\":[{\"@type\":\"ListItem\",\"position\":1,\"name\":\"Portada\",\"item\":\"https:\/\/m3pclases.com\/\"},{\"@type\":\"ListItem\",\"position\":2,\"name\":\"Curso de T\u00e9cnicas de Estudio\"}]},{\"@type\":\"WebSite\",\"@id\":\"https:\/\/m3pclases.com\/#website\",\"url\":\"https:\/\/m3pclases.com\/\",\"name\":\"m3pclases\",\"description\":\"En nuestras academias en Alcal\u00e1 de Henares recibir\u00e1s clases de apoyo, refuerzo y recuperaci\u00f3n de asignaturas de cualquier nivel: Primaria, ESO, Bachillerato y Universidad.\",\"potentialAction\":[{\"@type\":\"SearchAction\",\"target\":{\"@type\":\"EntryPoint\",\"urlTemplate\":\"https:\/\/m3pclases.com\/?s={search_term_string}\"},\"query-input\":{\"@type\":\"PropertyValueSpecification\",\"valueRequired\":true,\"valueName\":\"search_term_string\"}}],\"inLanguage\":\"en-GB\"}]}<\/script>\n<!-- \/ Yoast SEO plugin. -->","yoast_head_json":{"title":"Curso de T\u00e9cnicas de Estudio - m3pclases","robots":{"index":"index","follow":"follow","max-snippet":"max-snippet:-1","max-image-preview":"max-image-preview:large","max-video-preview":"max-video-preview:-1"},"canonical":"https:\/\/m3pclases.com\/en\/curso-de-tecnicas-de-estudio\/","og_locale":"en_GB","og_type":"article","og_title":"Curso de T\u00e9cnicas de Estudio - m3pclases","og_description":"Con el uso de t\u00e9cnicas de estudio todo es mas f\u00e1cil Descubrelo con nosotros C\u00f3mo puedes mejorar tu rendimiento sin darte cuenta En M3PCLASES, ofrecemos cursos de t\u00e9cnicas de estudio dise\u00f1ados para personas de todas las edades y situaciones. Nuestros programas est\u00e1n cuidadosamente elaborados para brindar herramientas pr\u00e1cticas y efectivas que potencien la capacidad de [&hellip;]","og_url":"https:\/\/m3pclases.com\/en\/curso-de-tecnicas-de-estudio\/","og_site_name":"m3pclases","article_modified_time":"2025-07-23T16:06:23+00:00","twitter_card":"summary_large_image","twitter_misc":{"Estimated reading time":"1 minute"},"schema":{"@context":"https:\/\/schema.org","@graph":[{"@type":"WebPage","@id":"https:\/\/m3pclases.com\/curso-de-tecnicas-de-estudio\/","url":"https:\/\/m3pclases.com\/curso-de-tecnicas-de-estudio\/","name":"Curso de T\u00e9cnicas de Estudio - m3pclases","isPartOf":{"@id":"https:\/\/m3pclases.com\/#website"},"datePublished":"2024-10-22T19:11:00+00:00","dateModified":"2025-07-23T16:06:23+00:00","breadcrumb":{"@id":"https:\/\/m3pclases.com\/curso-de-tecnicas-de-estudio\/#breadcrumb"},"inLanguage":"en-GB","potentialAction":[{"@type":"ReadAction","target":["https:\/\/m3pclases.com\/curso-de-tecnicas-de-estudio\/"]}]},{"@type":"BreadcrumbList","@id":"https:\/\/m3pclases.com\/curso-de-tecnicas-de-estudio\/#breadcrumb","itemListElement":[{"@type":"ListItem","position":1,"name":"Portada","item":"https:\/\/m3pclases.com\/"},{"@type":"ListItem","position":2,"name":"Curso de T\u00e9cnicas de Estudio"}]},{"@type":"WebSite","@id":"https:\/\/m3pclases.com\/#website","url":"https:\/\/m3pclases.com\/","name":"m3pclases","description":"En nuestras academias en Alcal\u00e1 de Henares recibir\u00e1s clases de apoyo, refuerzo y recuperaci\u00f3n de asignaturas de cualquier nivel: Primaria, ESO, Bachillerato y Universidad.","potentialAction":[{"@type":"SearchAction","target":{"@type":"EntryPoint","urlTemplate":"https:\/\/m3pclases.com\/?s={search_term_string}"},"query-input":{"@type":"PropertyValueSpecification","valueRequired":true,"valueName":"search_term_string"}}],"inLanguage":"en-GB"}]}},"_links":{"self":[{"href":"https:\/\/m3pclases.com\/en\/wp-json\/wp\/v2\/pages\/24","targetHints":{"allow":["GET"]}}],"collection":[{"href":"https:\/\/m3pclases.com\/en\/wp-json\/wp\/v2\/pages"}],"about":[{"href":"https:\/\/m3pclases.com\/en\/wp-json\/wp\/v2\/types\/page"}],"author":[{"embeddable":true,"href":"https:\/\/m3pclases.com\/en\/wp-json\/wp\/v2\/users\/1"}],"replies":[{"embeddable":true,"href":"https:\/\/m3pclases.com\/en\/wp-json\/wp\/v2\/comments?post=24"}],"version-history":[{"count":37,"href":"https:\/\/m3pclases.com\/en\/wp-json\/wp\/v2\/pages\/24\/revisions"}],"predecessor-version":[{"id":1371,"href":"https:\/\/m3pclases.com\/en\/wp-json\/wp\/v2\/pages\/24\/revisions\/1371"}],"wp:attachment":[{"href":"https:\/\/m3pclases.com\/en\/wp-json\/wp\/v2\/media?parent=24"}],"curies":[{"name":"wp","href":"https:\/\/api.w.org\/{rel}","templated":true}]}}