{"id":14,"date":"2024-10-22T19:08:19","date_gmt":"2024-10-22T19:08:19","guid":{"rendered":"https:\/\/m3pclases.com\/?page_id=14"},"modified":"2024-12-17T12:00:11","modified_gmt":"2024-12-17T12:00:11","slug":"refuerzo-primaria-secundaria","status":"publish","type":"page","link":"https:\/\/m3pclases.com\/en\/refuerzo-primaria-secundaria\/","title":{"rendered":"Reinforcement ESO \/ Bachillerato"},"content":{"rendered":"","protected":false},"excerpt":{"rendered":"","protected":false},"author":1,"featured_media":0,"parent":0,"menu_order":0,"comment_status":"closed","ping_status":"closed","template":"","meta":{"footnotes":""},"class_list":["post-14","page","type-page","status-publish","hentry"],"yoast_head":"<!-- This site is optimized with the Yoast SEO plugin v26.2 - https:\/\/yoast.com\/wordpress\/plugins\/seo\/ -->\n<title>Refuerzo ESO \/ Bachillerato - m3pclases<\/title>\n<meta name=\"robots\" content=\"index, follow, max-snippet:-1, max-image-preview:large, max-video-preview:-1\" \/>\n<link rel=\"canonical\" href=\"https:\/\/m3pclases.com\/en\/refuerzo-primaria-secundaria\/\" \/>\n<meta property=\"og:locale\" content=\"en_GB\" \/>\n<meta property=\"og:type\" content=\"article\" \/>\n<meta property=\"og:title\" content=\"Refuerzo ESO \/ Bachillerato - m3pclases\" \/>\n<meta property=\"og:url\" content=\"https:\/\/m3pclases.com\/en\/refuerzo-primaria-secundaria\/\" \/>\n<meta property=\"og:site_name\" content=\"m3pclases\" \/>\n<meta property=\"article:modified_time\" content=\"2024-12-17T12:00:11+00:00\" \/>\n<meta name=\"twitter:card\" content=\"summary_large_image\" \/>\n<script type=\"application\/ld+json\" class=\"yoast-schema-graph\">{\"@context\":\"https:\/\/schema.org\",\"@graph\":[{\"@type\":\"WebPage\",\"@id\":\"https:\/\/m3pclases.com\/refuerzo-primaria-secundaria\/\",\"url\":\"https:\/\/m3pclases.com\/refuerzo-primaria-secundaria\/\",\"name\":\"Refuerzo ESO \/ Bachillerato - m3pclases\",\"isPartOf\":{\"@id\":\"https:\/\/m3pclases.com\/#website\"},\"datePublished\":\"2024-10-22T19:08:19+00:00\",\"dateModified\":\"2024-12-17T12:00:11+00:00\",\"breadcrumb\":{\"@id\":\"https:\/\/m3pclases.com\/refuerzo-primaria-secundaria\/#breadcrumb\"},\"inLanguage\":\"en-GB\",\"potentialAction\":[{\"@type\":\"ReadAction\",\"target\":[\"https:\/\/m3pclases.com\/refuerzo-primaria-secundaria\/\"]}]},{\"@type\":\"BreadcrumbList\",\"@id\":\"https:\/\/m3pclases.com\/refuerzo-primaria-secundaria\/#breadcrumb\",\"itemListElement\":[{\"@type\":\"ListItem\",\"position\":1,\"name\":\"Portada\",\"item\":\"https:\/\/m3pclases.com\/\"},{\"@type\":\"ListItem\",\"position\":2,\"name\":\"Refuerzo ESO \/ Bachillerato\"}]},{\"@type\":\"WebSite\",\"@id\":\"https:\/\/m3pclases.com\/#website\",\"url\":\"https:\/\/m3pclases.com\/\",\"name\":\"m3pclases\",\"description\":\"En nuestras academias en Alcal\u00e1 de Henares recibir\u00e1s clases de apoyo, refuerzo y recuperaci\u00f3n de asignaturas de cualquier nivel: Primaria, ESO, Bachillerato y Universidad.\",\"potentialAction\":[{\"@type\":\"SearchAction\",\"target\":{\"@type\":\"EntryPoint\",\"urlTemplate\":\"https:\/\/m3pclases.com\/?s={search_term_string}\"},\"query-input\":{\"@type\":\"PropertyValueSpecification\",\"valueRequired\":true,\"valueName\":\"search_term_string\"}}],\"inLanguage\":\"en-GB\"}]}<\/script>\n<!-- \/ Yoast SEO plugin. -->","yoast_head_json":{"title":"Refuerzo ESO \/ Bachillerato - m3pclases","robots":{"index":"index","follow":"follow","max-snippet":"max-snippet:-1","max-image-preview":"max-image-preview:large","max-video-preview":"max-video-preview:-1"},"canonical":"https:\/\/m3pclases.com\/en\/refuerzo-primaria-secundaria\/","og_locale":"en_GB","og_type":"article","og_title":"Refuerzo ESO \/ Bachillerato - m3pclases","og_url":"https:\/\/m3pclases.com\/en\/refuerzo-primaria-secundaria\/","og_site_name":"m3pclases","article_modified_time":"2024-12-17T12:00:11+00:00","twitter_card":"summary_large_image","schema":{"@context":"https:\/\/schema.org","@graph":[{"@type":"WebPage","@id":"https:\/\/m3pclases.com\/refuerzo-primaria-secundaria\/","url":"https:\/\/m3pclases.com\/refuerzo-primaria-secundaria\/","name":"Refuerzo ESO \/ Bachillerato - m3pclases","isPartOf":{"@id":"https:\/\/m3pclases.com\/#website"},"datePublished":"2024-10-22T19:08:19+00:00","dateModified":"2024-12-17T12:00:11+00:00","breadcrumb":{"@id":"https:\/\/m3pclases.com\/refuerzo-primaria-secundaria\/#breadcrumb"},"inLanguage":"en-GB","potentialAction":[{"@type":"ReadAction","target":["https:\/\/m3pclases.com\/refuerzo-primaria-secundaria\/"]}]},{"@type":"BreadcrumbList","@id":"https:\/\/m3pclases.com\/refuerzo-primaria-secundaria\/#breadcrumb","itemListElement":[{"@type":"ListItem","position":1,"name":"Portada","item":"https:\/\/m3pclases.com\/"},{"@type":"ListItem","position":2,"name":"Refuerzo ESO \/ Bachillerato"}]},{"@type":"WebSite","@id":"https:\/\/m3pclases.com\/#website","url":"https:\/\/m3pclases.com\/","name":"m3pclases","description":"En nuestras academias en Alcal\u00e1 de Henares recibir\u00e1s clases de apoyo, refuerzo y recuperaci\u00f3n de asignaturas de cualquier nivel: Primaria, ESO, Bachillerato y Universidad.","potentialAction":[{"@type":"SearchAction","target":{"@type":"EntryPoint","urlTemplate":"https:\/\/m3pclases.com\/?s={search_term_string}"},"query-input":{"@type":"PropertyValueSpecification","valueRequired":true,"valueName":"search_term_string"}}],"inLanguage":"en-GB"}]}},"_links":{"self":[{"href":"https:\/\/m3pclases.com\/en\/wp-json\/wp\/v2\/pages\/14","targetHints":{"allow":["GET"]}}],"collection":[{"href":"https:\/\/m3pclases.com\/en\/wp-json\/wp\/v2\/pages"}],"about":[{"href":"https:\/\/m3pclases.com\/en\/wp-json\/wp\/v2\/types\/page"}],"author":[{"embeddable":true,"href":"https:\/\/m3pclases.com\/en\/wp-json\/wp\/v2\/users\/1"}],"replies":[{"embeddable":true,"href":"https:\/\/m3pclases.com\/en\/wp-json\/wp\/v2\/comments?post=14"}],"version-history":[{"count":2,"href":"https:\/\/m3pclases.com\/en\/wp-json\/wp\/v2\/pages\/14\/revisions"}],"predecessor-version":[{"id":727,"href":"https:\/\/m3pclases.com\/en\/wp-json\/wp\/v2\/pages\/14\/revisions\/727"}],"wp:attachment":[{"href":"https:\/\/m3pclases.com\/en\/wp-json\/wp\/v2\/media?parent=14"}],"curies":[{"name":"wp","href":"https:\/\/api.w.org\/{rel}","templated":true}]}}