{"id":1298,"date":"2025-07-10T16:42:58","date_gmt":"2025-07-10T16:42:58","guid":{"rendered":"https:\/\/m3pclases.com\/?page_id=1298"},"modified":"2025-07-10T16:43:01","modified_gmt":"2025-07-10T16:43:01","slug":"videos","status":"publish","type":"page","link":"https:\/\/m3pclases.com\/en\/videos\/","title":{"rendered":"Videos"},"content":{"rendered":"<p><a href=\"https:\/\/www.youtube.com\/watch?v=L5XoZlbf_sQ&amp;ab_channel=SeoConsultingAlc\">https:\/\/www.youtube.com\/watch?v=L5XoZlbf_sQ&amp;ab_channel=SeoConsultingAlc<\/a><\/p>\n\n\n\n<figure class=\"wp-block-embed is-provider-youtube wp-block-embed-youtube\"><div class=\"wp-block-embed__wrapper\">\nhttps:\/\/www.youtube.com\/watch?v=L5XoZlbf_sQ&#038;ab_channel=SeoConsultingAlc\n<\/div><\/figure>","protected":false},"excerpt":{"rendered":"<p>https:\/\/www.youtube.com\/watch?v=L5XoZlbf_sQ&amp;ab_channel=SeoConsultingAlc<\/p>","protected":false},"author":1,"featured_media":0,"parent":0,"menu_order":0,"comment_status":"closed","ping_status":"closed","template":"","meta":{"footnotes":""},"class_list":["post-1298","page","type-page","status-publish","hentry"],"yoast_head":"<!-- This site is optimized with the Yoast SEO plugin v26.2 - https:\/\/yoast.com\/wordpress\/plugins\/seo\/ -->\n<title>Videos - m3pclases<\/title>\n<meta name=\"robots\" content=\"index, follow, max-snippet:-1, max-image-preview:large, max-video-preview:-1\" \/>\n<link rel=\"canonical\" href=\"https:\/\/m3pclases.com\/en\/videos\/\" \/>\n<meta property=\"og:locale\" content=\"en_GB\" \/>\n<meta property=\"og:type\" content=\"article\" \/>\n<meta property=\"og:title\" content=\"Videos - m3pclases\" \/>\n<meta property=\"og:description\" content=\"https:\/\/www.youtube.com\/watch?v=L5XoZlbf_sQ&amp;ab_channel=SeoConsultingAlc\" \/>\n<meta property=\"og:url\" content=\"https:\/\/m3pclases.com\/en\/videos\/\" \/>\n<meta property=\"og:site_name\" content=\"m3pclases\" \/>\n<meta property=\"article:modified_time\" content=\"2025-07-10T16:43:01+00:00\" \/>\n<meta name=\"twitter:card\" content=\"summary_large_image\" \/>\n<script type=\"application\/ld+json\" class=\"yoast-schema-graph\">{\"@context\":\"https:\/\/schema.org\",\"@graph\":[{\"@type\":\"WebPage\",\"@id\":\"https:\/\/m3pclases.com\/videos\/\",\"url\":\"https:\/\/m3pclases.com\/videos\/\",\"name\":\"Videos - m3pclases\",\"isPartOf\":{\"@id\":\"https:\/\/m3pclases.com\/#website\"},\"datePublished\":\"2025-07-10T16:42:58+00:00\",\"dateModified\":\"2025-07-10T16:43:01+00:00\",\"breadcrumb\":{\"@id\":\"https:\/\/m3pclases.com\/videos\/#breadcrumb\"},\"inLanguage\":\"en-GB\",\"potentialAction\":[{\"@type\":\"ReadAction\",\"target\":[\"https:\/\/m3pclases.com\/videos\/\"]}]},{\"@type\":\"BreadcrumbList\",\"@id\":\"https:\/\/m3pclases.com\/videos\/#breadcrumb\",\"itemListElement\":[{\"@type\":\"ListItem\",\"position\":1,\"name\":\"Portada\",\"item\":\"https:\/\/m3pclases.com\/\"},{\"@type\":\"ListItem\",\"position\":2,\"name\":\"Videos\"}]},{\"@type\":\"WebSite\",\"@id\":\"https:\/\/m3pclases.com\/#website\",\"url\":\"https:\/\/m3pclases.com\/\",\"name\":\"m3pclases\",\"description\":\"En nuestras academias en Alcal\u00e1 de Henares recibir\u00e1s clases de apoyo, refuerzo y recuperaci\u00f3n de asignaturas de cualquier nivel: Primaria, ESO, Bachillerato y Universidad.\",\"potentialAction\":[{\"@type\":\"SearchAction\",\"target\":{\"@type\":\"EntryPoint\",\"urlTemplate\":\"https:\/\/m3pclases.com\/?s={search_term_string}\"},\"query-input\":{\"@type\":\"PropertyValueSpecification\",\"valueRequired\":true,\"valueName\":\"search_term_string\"}}],\"inLanguage\":\"en-GB\"}]}<\/script>\n<!-- \/ Yoast SEO plugin. -->","yoast_head_json":{"title":"Videos - m3pclases","robots":{"index":"index","follow":"follow","max-snippet":"max-snippet:-1","max-image-preview":"max-image-preview:large","max-video-preview":"max-video-preview:-1"},"canonical":"https:\/\/m3pclases.com\/en\/videos\/","og_locale":"en_GB","og_type":"article","og_title":"Videos - m3pclases","og_description":"https:\/\/www.youtube.com\/watch?v=L5XoZlbf_sQ&amp;ab_channel=SeoConsultingAlc","og_url":"https:\/\/m3pclases.com\/en\/videos\/","og_site_name":"m3pclases","article_modified_time":"2025-07-10T16:43:01+00:00","twitter_card":"summary_large_image","schema":{"@context":"https:\/\/schema.org","@graph":[{"@type":"WebPage","@id":"https:\/\/m3pclases.com\/videos\/","url":"https:\/\/m3pclases.com\/videos\/","name":"Videos - m3pclases","isPartOf":{"@id":"https:\/\/m3pclases.com\/#website"},"datePublished":"2025-07-10T16:42:58+00:00","dateModified":"2025-07-10T16:43:01+00:00","breadcrumb":{"@id":"https:\/\/m3pclases.com\/videos\/#breadcrumb"},"inLanguage":"en-GB","potentialAction":[{"@type":"ReadAction","target":["https:\/\/m3pclases.com\/videos\/"]}]},{"@type":"BreadcrumbList","@id":"https:\/\/m3pclases.com\/videos\/#breadcrumb","itemListElement":[{"@type":"ListItem","position":1,"name":"Portada","item":"https:\/\/m3pclases.com\/"},{"@type":"ListItem","position":2,"name":"Videos"}]},{"@type":"WebSite","@id":"https:\/\/m3pclases.com\/#website","url":"https:\/\/m3pclases.com\/","name":"m3pclases","description":"En nuestras academias en Alcal\u00e1 de Henares recibir\u00e1s clases de apoyo, refuerzo y recuperaci\u00f3n de asignaturas de cualquier nivel: Primaria, ESO, Bachillerato y Universidad.","potentialAction":[{"@type":"SearchAction","target":{"@type":"EntryPoint","urlTemplate":"https:\/\/m3pclases.com\/?s={search_term_string}"},"query-input":{"@type":"PropertyValueSpecification","valueRequired":true,"valueName":"search_term_string"}}],"inLanguage":"en-GB"}]}},"_links":{"self":[{"href":"https:\/\/m3pclases.com\/en\/wp-json\/wp\/v2\/pages\/1298","targetHints":{"allow":["GET"]}}],"collection":[{"href":"https:\/\/m3pclases.com\/en\/wp-json\/wp\/v2\/pages"}],"about":[{"href":"https:\/\/m3pclases.com\/en\/wp-json\/wp\/v2\/types\/page"}],"author":[{"embeddable":true,"href":"https:\/\/m3pclases.com\/en\/wp-json\/wp\/v2\/users\/1"}],"replies":[{"embeddable":true,"href":"https:\/\/m3pclases.com\/en\/wp-json\/wp\/v2\/comments?post=1298"}],"version-history":[{"count":1,"href":"https:\/\/m3pclases.com\/en\/wp-json\/wp\/v2\/pages\/1298\/revisions"}],"predecessor-version":[{"id":1299,"href":"https:\/\/m3pclases.com\/en\/wp-json\/wp\/v2\/pages\/1298\/revisions\/1299"}],"wp:attachment":[{"href":"https:\/\/m3pclases.com\/en\/wp-json\/wp\/v2\/media?parent=1298"}],"curies":[{"name":"wp","href":"https:\/\/api.w.org\/{rel}","templated":true}]}}