{"id":1237,"date":"2025-07-10T15:13:18","date_gmt":"2025-07-10T15:13:18","guid":{"rendered":"https:\/\/m3pclases.com\/?page_id=1237"},"modified":"2025-08-04T16:47:23","modified_gmt":"2025-08-04T16:47:23","slug":"cita-informativa","status":"publish","type":"page","link":"https:\/\/m3pclases.com\/en\/cita-informativa\/","title":{"rendered":"\u00bfTienes dudas? Agenda una cita informativa"},"content":{"rendered":"<div data-elementor-type=\"wp-page\" data-elementor-id=\"1237\" class=\"elementor elementor-1237\" data-elementor-post-type=\"page\">\n\t\t\t\t<div class=\"elementor-element elementor-element-f8004d4 e-flex e-con-boxed e-con e-parent\" data-id=\"f8004d4\" data-element_type=\"container\">\n\t\t\t\t\t<div class=\"e-con-inner\">\n\t\t\t\t<div class=\"elementor-element elementor-element-1cd6af6 elementor-widget elementor-widget-html\" data-id=\"1cd6af6\" data-element_type=\"widget\" data-widget_type=\"html.default\">\n\t\t\t\t<div class=\"elementor-widget-container\">\n\t\t\t\t\t<!-- Principio del widget integrado de Calendly --><\/p>\r\n<div class=\"calendly-inline-widget\" style=\"min-width: 320px; height: 720px;\" data-url=\"https:\/\/calendly.com\/m3pclases\/15min\"><\/div>\r\n<p><script type=\"text\/javascript\" src=\"https:\/\/assets.calendly.com\/assets\/external\/widget.js\"><\/script><br \/>\r\n<!-- Final del widget integrado de Calendly -->\t\t\t\t<\/div>\n\t\t\t\t<\/div>\n\t\t\t\t\t<\/div>\n\t\t\t\t<\/div>\n\t\t\t\t<\/div>","protected":false},"excerpt":{"rendered":"","protected":false},"author":1,"featured_media":0,"parent":0,"menu_order":0,"comment_status":"closed","ping_status":"closed","template":"","meta":{"footnotes":""},"class_list":["post-1237","page","type-page","status-publish","hentry"],"yoast_head":"<!-- This site is optimized with the Yoast SEO plugin v26.2 - https:\/\/yoast.com\/wordpress\/plugins\/seo\/ -->\n<title>\u00bfTienes dudas? Agenda una cita informativa - m3pclases<\/title>\n<meta name=\"robots\" content=\"index, follow, max-snippet:-1, max-image-preview:large, max-video-preview:-1\" \/>\n<link rel=\"canonical\" href=\"https:\/\/m3pclases.com\/en\/cita-informativa\/\" \/>\n<meta property=\"og:locale\" content=\"en_GB\" \/>\n<meta property=\"og:type\" content=\"article\" \/>\n<meta property=\"og:title\" content=\"\u00bfTienes dudas? Agenda una cita informativa - m3pclases\" \/>\n<meta property=\"og:url\" content=\"https:\/\/m3pclases.com\/en\/cita-informativa\/\" \/>\n<meta property=\"og:site_name\" content=\"m3pclases\" \/>\n<meta property=\"article:modified_time\" content=\"2025-08-04T16:47:23+00:00\" \/>\n<meta name=\"twitter:card\" content=\"summary_large_image\" \/>\n<script type=\"application\/ld+json\" class=\"yoast-schema-graph\">{\"@context\":\"https:\/\/schema.org\",\"@graph\":[{\"@type\":\"WebPage\",\"@id\":\"https:\/\/m3pclases.com\/cita-informativa\/\",\"url\":\"https:\/\/m3pclases.com\/cita-informativa\/\",\"name\":\"\u00bfTienes dudas? Agenda una cita informativa - m3pclases\",\"isPartOf\":{\"@id\":\"https:\/\/m3pclases.com\/#website\"},\"datePublished\":\"2025-07-10T15:13:18+00:00\",\"dateModified\":\"2025-08-04T16:47:23+00:00\",\"breadcrumb\":{\"@id\":\"https:\/\/m3pclases.com\/cita-informativa\/#breadcrumb\"},\"inLanguage\":\"en-GB\",\"potentialAction\":[{\"@type\":\"ReadAction\",\"target\":[\"https:\/\/m3pclases.com\/cita-informativa\/\"]}]},{\"@type\":\"BreadcrumbList\",\"@id\":\"https:\/\/m3pclases.com\/cita-informativa\/#breadcrumb\",\"itemListElement\":[{\"@type\":\"ListItem\",\"position\":1,\"name\":\"Portada\",\"item\":\"https:\/\/m3pclases.com\/\"},{\"@type\":\"ListItem\",\"position\":2,\"name\":\"\u00bfTienes dudas? Agenda una cita informativa\"}]},{\"@type\":\"WebSite\",\"@id\":\"https:\/\/m3pclases.com\/#website\",\"url\":\"https:\/\/m3pclases.com\/\",\"name\":\"m3pclases\",\"description\":\"En nuestras academias en Alcal\u00e1 de Henares recibir\u00e1s clases de apoyo, refuerzo y recuperaci\u00f3n de asignaturas de cualquier nivel: Primaria, ESO, Bachillerato y Universidad.\",\"potentialAction\":[{\"@type\":\"SearchAction\",\"target\":{\"@type\":\"EntryPoint\",\"urlTemplate\":\"https:\/\/m3pclases.com\/?s={search_term_string}\"},\"query-input\":{\"@type\":\"PropertyValueSpecification\",\"valueRequired\":true,\"valueName\":\"search_term_string\"}}],\"inLanguage\":\"en-GB\"}]}<\/script>\n<!-- \/ Yoast SEO plugin. -->","yoast_head_json":{"title":"\u00bfTienes dudas? Agenda una cita informativa - m3pclases","robots":{"index":"index","follow":"follow","max-snippet":"max-snippet:-1","max-image-preview":"max-image-preview:large","max-video-preview":"max-video-preview:-1"},"canonical":"https:\/\/m3pclases.com\/en\/cita-informativa\/","og_locale":"en_GB","og_type":"article","og_title":"\u00bfTienes dudas? Agenda una cita informativa - m3pclases","og_url":"https:\/\/m3pclases.com\/en\/cita-informativa\/","og_site_name":"m3pclases","article_modified_time":"2025-08-04T16:47:23+00:00","twitter_card":"summary_large_image","schema":{"@context":"https:\/\/schema.org","@graph":[{"@type":"WebPage","@id":"https:\/\/m3pclases.com\/cita-informativa\/","url":"https:\/\/m3pclases.com\/cita-informativa\/","name":"\u00bfTienes dudas? Agenda una cita informativa - m3pclases","isPartOf":{"@id":"https:\/\/m3pclases.com\/#website"},"datePublished":"2025-07-10T15:13:18+00:00","dateModified":"2025-08-04T16:47:23+00:00","breadcrumb":{"@id":"https:\/\/m3pclases.com\/cita-informativa\/#breadcrumb"},"inLanguage":"en-GB","potentialAction":[{"@type":"ReadAction","target":["https:\/\/m3pclases.com\/cita-informativa\/"]}]},{"@type":"BreadcrumbList","@id":"https:\/\/m3pclases.com\/cita-informativa\/#breadcrumb","itemListElement":[{"@type":"ListItem","position":1,"name":"Portada","item":"https:\/\/m3pclases.com\/"},{"@type":"ListItem","position":2,"name":"\u00bfTienes dudas? Agenda una cita informativa"}]},{"@type":"WebSite","@id":"https:\/\/m3pclases.com\/#website","url":"https:\/\/m3pclases.com\/","name":"m3pclases","description":"En nuestras academias en Alcal\u00e1 de Henares recibir\u00e1s clases de apoyo, refuerzo y recuperaci\u00f3n de asignaturas de cualquier nivel: Primaria, ESO, Bachillerato y Universidad.","potentialAction":[{"@type":"SearchAction","target":{"@type":"EntryPoint","urlTemplate":"https:\/\/m3pclases.com\/?s={search_term_string}"},"query-input":{"@type":"PropertyValueSpecification","valueRequired":true,"valueName":"search_term_string"}}],"inLanguage":"en-GB"}]}},"_links":{"self":[{"href":"https:\/\/m3pclases.com\/en\/wp-json\/wp\/v2\/pages\/1237","targetHints":{"allow":["GET"]}}],"collection":[{"href":"https:\/\/m3pclases.com\/en\/wp-json\/wp\/v2\/pages"}],"about":[{"href":"https:\/\/m3pclases.com\/en\/wp-json\/wp\/v2\/types\/page"}],"author":[{"embeddable":true,"href":"https:\/\/m3pclases.com\/en\/wp-json\/wp\/v2\/users\/1"}],"replies":[{"embeddable":true,"href":"https:\/\/m3pclases.com\/en\/wp-json\/wp\/v2\/comments?post=1237"}],"version-history":[{"count":10,"href":"https:\/\/m3pclases.com\/en\/wp-json\/wp\/v2\/pages\/1237\/revisions"}],"predecessor-version":[{"id":1417,"href":"https:\/\/m3pclases.com\/en\/wp-json\/wp\/v2\/pages\/1237\/revisions\/1417"}],"wp:attachment":[{"href":"https:\/\/m3pclases.com\/en\/wp-json\/wp\/v2\/media?parent=1237"}],"curies":[{"name":"wp","href":"https:\/\/api.w.org\/{rel}","templated":true}]}}