{"id":12,"date":"2024-10-22T19:07:24","date_gmt":"2024-10-22T19:07:24","guid":{"rendered":"https:\/\/m3pclases.com\/?page_id=12"},"modified":"2025-04-10T07:09:45","modified_gmt":"2025-04-10T07:09:45","slug":"nosotros","status":"publish","type":"page","link":"https:\/\/m3pclases.com\/en\/nosotros\/","title":{"rendered":"About us"},"content":{"rendered":"<div data-elementor-type=\"wp-page\" data-elementor-id=\"12\" class=\"elementor elementor-12\" data-elementor-post-type=\"page\">\n\t\t\t\t<div class=\"elementor-element elementor-element-7ee77b4f e-flex e-con-boxed e-con e-parent\" data-id=\"7ee77b4f\" data-element_type=\"container\" data-settings=\"{&quot;background_background&quot;:&quot;classic&quot;,&quot;shape_divider_bottom&quot;:&quot;curve&quot;,&quot;shape_divider_bottom_negative&quot;:&quot;yes&quot;}\">\n\t\t\t\t\t<div class=\"e-con-inner\">\n\t\t\t\t<div class=\"elementor-shape elementor-shape-bottom\" data-negative=\"true\">\n\t\t\t<svg xmlns=\"http:\/\/www.w3.org\/2000\/svg\" viewbox=\"0 0 1000 100\" preserveaspectratio=\"none\">\n\t<path class=\"elementor-shape-fill\" d=\"M500,97C126.7,96.3,0.8,19.8,0,0v100l1000,0V1C1000,19.4,873.3,97.8,500,97z\"\/>\n<\/svg>\t\t<\/div>\n\t\t\t\t\t<\/div>\n\t\t\t\t<\/div>\n\t\t<div class=\"elementor-element elementor-element-16fc2ccc e-flex e-con-boxed e-con e-parent\" data-id=\"16fc2ccc\" data-element_type=\"container\">\n\t\t\t\t\t<div class=\"e-con-inner\">\n\t\t<div class=\"elementor-element elementor-element-35d145f6 e-con-full e-flex e-con e-child\" data-id=\"35d145f6\" data-element_type=\"container\" data-settings=\"{&quot;background_background&quot;:&quot;classic&quot;}\">\n\t\t\t\t<\/div>\n\t\t<div class=\"elementor-element elementor-element-32026a7c e-con-full e-flex e-con e-child\" data-id=\"32026a7c\" data-element_type=\"container\">\n\t\t\t\t<div class=\"elementor-element elementor-element-8512355 elementor-blockquote--skin-quotation elementor-blockquote--button-color-official elementor-widget elementor-widget-blockquote\" data-id=\"8512355\" data-element_type=\"widget\" data-widget_type=\"blockquote.default\">\n\t\t\t\t<div class=\"elementor-widget-container\">\n\t\t\t\t\t\t\t<blockquote class=\"elementor-blockquote\">\n\t\t\t<p class=\"elementor-blockquote__content\">\n\t\t\t\tTeaching is the art of inspiring others to explore, discover and grow.\t\t\t<\/p>\n\t\t\t\t\t<\/blockquote>\n\t\t\t\t\t\t<\/div>\n\t\t\t\t<\/div>\n\t\t\t\t<div class=\"elementor-element elementor-element-c8c15d9 elementor-widget-divider--view-line elementor-widget elementor-widget-divider\" data-id=\"c8c15d9\" data-element_type=\"widget\" data-widget_type=\"divider.default\">\n\t\t\t\t<div class=\"elementor-widget-container\">\n\t\t\t\t\t\t\t<div class=\"elementor-divider\">\n\t\t\t<span class=\"elementor-divider-separator\">\n\t\t\t\t\t\t<\/span>\n\t\t<\/div>\n\t\t\t\t\t\t<\/div>\n\t\t\t\t<\/div>\n\t\t\t\t<div class=\"elementor-element elementor-element-50d0dd69 sin-margen elementor-widget elementor-widget-text-editor\" data-id=\"50d0dd69\" data-element_type=\"widget\" data-widget_type=\"text-editor.default\">\n\t\t\t\t<div class=\"elementor-widget-container\">\n\t\t\t\t\t\t\t\t\t<p><span lang=\"ES\">In M3PCLASES, the quality of the teaching is our main feature. Our entire team has a clear vocation of teaching, which is reflected in the dedication and passion that we put into our classes. We firmly believe that quality should not be compromised by the price. For this reason, we offer a system of flexibility of courses that allows students to prepare for various subjects at very competitive prices.<\/span><\/p>\t\t\t\t\t\t\t\t<\/div>\n\t\t\t\t<\/div>\n\t\t\t\t<\/div>\n\t\t<div class=\"elementor-element elementor-element-19575fa e-con-full e-flex e-con e-child\" data-id=\"19575fa\" data-element_type=\"container\">\n\t\t\t\t<div class=\"elementor-element elementor-element-afe153f sin-margen elementor-widget elementor-widget-text-editor\" data-id=\"afe153f\" data-element_type=\"widget\" data-widget_type=\"text-editor.default\">\n\t\t\t\t<div class=\"elementor-widget-container\">\n\t\t\t\t\t\t\t\t\t<p><span lang=\"ES\">Since 1992, we have joined thousands of students in their academic path, providing support and customized resources to help them reach their goals. We are proud to have assisted students of all levels, from elementary to college, to improve their grades and overcome subjects challenging. In addition to our academic commitment, we value the importance of creating a learning environment that is positive and motivating. We are dedicated to supporting our students every step of your journey of education, providing not only the knowledge but also the confidence and motivation necessary to achieve success.<\/span><\/p><p><span lang=\"ES\">Join M3PCLASES and see how we can help you to transform your academic and professional future. Ask your classmates; you will be sure to know us and talk to our excellent results and commitment to each student!<\/span><\/p>\t\t\t\t\t\t\t\t<\/div>\n\t\t\t\t<\/div>\n\t\t\t\t<\/div>\n\t\t\t\t\t<\/div>\n\t\t\t\t<\/div>\n\t\t<div class=\"elementor-element elementor-element-2adfa0e e-flex e-con-boxed e-con e-parent\" data-id=\"2adfa0e\" data-element_type=\"container\" data-settings=\"{&quot;background_background&quot;:&quot;classic&quot;,&quot;shape_divider_top&quot;:&quot;curve&quot;,&quot;shape_divider_top_negative&quot;:&quot;yes&quot;,&quot;shape_divider_bottom&quot;:&quot;curve&quot;,&quot;shape_divider_bottom_negative&quot;:&quot;yes&quot;}\">\n\t\t\t\t\t<div class=\"e-con-inner\">\n\t\t\t\t<div class=\"elementor-shape elementor-shape-top\" data-negative=\"true\">\n\t\t\t<svg xmlns=\"http:\/\/www.w3.org\/2000\/svg\" viewbox=\"0 0 1000 100\" preserveaspectratio=\"none\">\n\t<path class=\"elementor-shape-fill\" d=\"M500,97C126.7,96.3,0.8,19.8,0,0v100l1000,0V1C1000,19.4,873.3,97.8,500,97z\"\/>\n<\/svg>\t\t<\/div>\n\t\t\t\t<div class=\"elementor-shape elementor-shape-bottom\" data-negative=\"true\">\n\t\t\t<svg xmlns=\"http:\/\/www.w3.org\/2000\/svg\" viewbox=\"0 0 1000 100\" preserveaspectratio=\"none\">\n\t<path class=\"elementor-shape-fill\" d=\"M500,97C126.7,96.3,0.8,19.8,0,0v100l1000,0V1C1000,19.4,873.3,97.8,500,97z\"\/>\n<\/svg>\t\t<\/div>\n\t\t<div class=\"elementor-element elementor-element-500cad3 e-con-full e-flex e-con e-child\" data-id=\"500cad3\" data-element_type=\"container\">\n\t\t\t\t<div class=\"elementor-element elementor-element-9faf0c6 elementor-widget elementor-widget-heading\" data-id=\"9faf0c6\" data-element_type=\"widget\" data-widget_type=\"heading.default\">\n\t\t\t\t<div class=\"elementor-widget-container\">\n\t\t\t\t\t<h2 class=\"elementor-heading-title elementor-size-default\">How do we teach?<\/h2>\t\t\t\t<\/div>\n\t\t\t\t<\/div>\n\t\t\t\t<div class=\"elementor-element elementor-element-07bb0d8 sin-margen elementor-widget elementor-widget-text-editor\" data-id=\"07bb0d8\" data-element_type=\"widget\" data-widget_type=\"text-editor.default\">\n\t\t\t\t<div class=\"elementor-widget-container\">\n\t\t\t\t\t\t\t\t\t<p><span lang=\"ES\">Our methodology is based on traditional techniques of teaching, combined with modern strategies that ensure optimum performance and efficient management of time. We understand that each student is unique and, therefore, our classes are designed to be customized, allowing each one to progress at their own pace and to overcome their individual challenges. This approach ensures that each student receives the attention and support necessary for their academic success.<\/span><\/p>\t\t\t\t\t\t\t\t<\/div>\n\t\t\t\t<\/div>\n\t\t\t\t<div class=\"elementor-element elementor-element-18fa5f1 sin-margen elementor-widget elementor-widget-text-editor\" data-id=\"18fa5f1\" data-element_type=\"widget\" data-widget_type=\"text-editor.default\">\n\t\t\t\t<div class=\"elementor-widget-container\">\n\t\t\t\t\t\t\t\t\t<p><span lang=\"ES\">In addition, we are specialized in recycling students of all ages who are seeking to improve their educational and professional opportunities, whether through the preparation for an entrance test, obtaining a title search or a degree basic. We are committed to providing a comprehensive support to these students, helping them to overcome their individual challenges and providing them with the tools needed to achieve their educational and professional goals.<\/span><\/p><p>\u00a0<\/p><p><span lang=\"ES\">We strive to create a positive environment and motivating, where each student can develop their skills and confidence. We maintain small groups for greater control and monitoring of the progress of each student, ensuring that they benefit from an education that&#039;s tailored to their specific needs.<\/span><\/p>\t\t\t\t\t\t\t\t<\/div>\n\t\t\t\t<\/div>\n\t\t\t\t<\/div>\n\t\t<div class=\"elementor-element elementor-element-f1d0b44 e-con-full e-flex e-con e-child\" data-id=\"f1d0b44\" data-element_type=\"container\">\n\t\t<div class=\"elementor-element elementor-element-9076d24 e-con-full e-flex e-con e-child\" data-id=\"9076d24\" data-element_type=\"container\">\n\t\t\t\t<div class=\"elementor-element elementor-element-200c768 elementor-widget elementor-widget-heading\" data-id=\"200c768\" data-element_type=\"widget\" data-widget_type=\"heading.default\">\n\t\t\t\t<div class=\"elementor-widget-container\">\n\t\t\t\t\t<h2 class=\"elementor-heading-title elementor-size-default\">Meet Our Team<\/h2>\t\t\t\t<\/div>\n\t\t\t\t<\/div>\n\t\t\t\t<\/div>\n\t\t<div class=\"elementor-element elementor-element-bb56661 e-con-full e-flex e-con e-child\" data-id=\"bb56661\" data-element_type=\"container\" data-settings=\"{&quot;motion_fx_motion_fx_scrolling&quot;:&quot;yes&quot;,&quot;motion_fx_translateX_effect&quot;:&quot;yes&quot;,&quot;motion_fx_translateX_affectedRange&quot;:{&quot;unit&quot;:&quot;%&quot;,&quot;size&quot;:&quot;&quot;,&quot;sizes&quot;:{&quot;start&quot;:0,&quot;end&quot;:50}},&quot;motion_fx_translateX_speed&quot;:{&quot;unit&quot;:&quot;px&quot;,&quot;size&quot;:4,&quot;sizes&quot;:[]},&quot;motion_fx_devices&quot;:[&quot;desktop&quot;,&quot;laptop&quot;,&quot;tablet&quot;,&quot;mobile&quot;]}\">\n\t\t\t\t<div class=\"elementor-element elementor-element-e6b52ef elementor-position-top elementor-widget elementor-widget-image-box\" data-id=\"e6b52ef\" data-element_type=\"widget\" data-widget_type=\"image-box.default\">\n\t\t\t\t<div class=\"elementor-widget-container\">\n\t\t\t\t\t<div class=\"elementor-image-box-wrapper\"><figure class=\"elementor-image-box-img\"><a href=\"https:\/\/m3pclases.com\/en\/miguel-p-plana-parra\/\" tabindex=\"-1\"><img decoding=\"async\" width=\"200\" height=\"200\" src=\"https:\/\/m3pclases.com\/wp-content\/uploads\/2024\/12\/Miguel-200x200-1.jpg\" class=\"elementor-animation-shrink attachment-full size-full wp-image-228\" alt=\"\" srcset=\"https:\/\/m3pclases.com\/wp-content\/uploads\/2024\/12\/Miguel-200x200-1.jpg 200w, https:\/\/m3pclases.com\/wp-content\/uploads\/2024\/12\/Miguel-200x200-1-150x150.jpg 150w\" sizes=\"(max-width: 200px) 100vw, 200px\" \/><\/a><\/figure><div class=\"elementor-image-box-content\"><h3 class=\"elementor-image-box-title\"><a href=\"https:\/\/m3pclases.com\/en\/miguel-p-plana-parra\/\">Miguel<\/a><\/h3><p class=\"elementor-image-box-description\">Direcci\u00f3n y \u00e1rea de ciencias<\/p><\/div><\/div>\t\t\t\t<\/div>\n\t\t\t\t<\/div>\n\t\t\t\t<\/div>\n\t\t<div class=\"elementor-element elementor-element-91e4a39 e-con-full e-flex e-con e-child\" data-id=\"91e4a39\" data-element_type=\"container\" data-settings=\"{&quot;motion_fx_motion_fx_scrolling&quot;:&quot;yes&quot;,&quot;motion_fx_translateY_effect&quot;:&quot;yes&quot;,&quot;motion_fx_translateY_affectedRange&quot;:{&quot;unit&quot;:&quot;%&quot;,&quot;size&quot;:&quot;&quot;,&quot;sizes&quot;:{&quot;start&quot;:0,&quot;end&quot;:50}},&quot;motion_fx_translateY_speed&quot;:{&quot;unit&quot;:&quot;px&quot;,&quot;size&quot;:4,&quot;sizes&quot;:[]},&quot;motion_fx_devices&quot;:[&quot;desktop&quot;,&quot;laptop&quot;,&quot;tablet&quot;,&quot;mobile&quot;]}\">\n\t\t\t\t<div class=\"elementor-element elementor-element-ff51ef1 elementor-position-top elementor-widget elementor-widget-image-box\" data-id=\"ff51ef1\" data-element_type=\"widget\" data-widget_type=\"image-box.default\">\n\t\t\t\t<div class=\"elementor-widget-container\">\n\t\t\t\t\t<div class=\"elementor-image-box-wrapper\"><figure class=\"elementor-image-box-img\"><a href=\"https:\/\/m3pclases.com\/en\/esther-tejero-hernandez\/\" tabindex=\"-1\"><img decoding=\"async\" width=\"200\" height=\"200\" src=\"https:\/\/m3pclases.com\/wp-content\/uploads\/2024\/12\/Esthher-200x200-1.jpg\" class=\"elementor-animation-shrink attachment-full size-full wp-image-227\" alt=\"\" srcset=\"https:\/\/m3pclases.com\/wp-content\/uploads\/2024\/12\/Esthher-200x200-1.jpg 200w, https:\/\/m3pclases.com\/wp-content\/uploads\/2024\/12\/Esthher-200x200-1-150x150.jpg 150w\" sizes=\"(max-width: 200px) 100vw, 200px\" \/><\/a><\/figure><div class=\"elementor-image-box-content\"><h3 class=\"elementor-image-box-title\"><a href=\"https:\/\/m3pclases.com\/en\/esther-tejero-hernandez\/\">Esther<\/a><\/h3><p class=\"elementor-image-box-description\">Area of humanities<\/p><\/div><\/div>\t\t\t\t<\/div>\n\t\t\t\t<\/div>\n\t\t\t\t<\/div>\n\t\t<div class=\"elementor-element elementor-element-e4a2611 e-con-full e-flex e-con e-child\" data-id=\"e4a2611\" data-element_type=\"container\" data-settings=\"{&quot;motion_fx_motion_fx_scrolling&quot;:&quot;yes&quot;,&quot;motion_fx_translateX_effect&quot;:&quot;yes&quot;,&quot;motion_fx_translateX_direction&quot;:&quot;negative&quot;,&quot;motion_fx_translateX_affectedRange&quot;:{&quot;unit&quot;:&quot;%&quot;,&quot;size&quot;:&quot;&quot;,&quot;sizes&quot;:{&quot;start&quot;:0,&quot;end&quot;:50}},&quot;motion_fx_translateX_speed&quot;:{&quot;unit&quot;:&quot;px&quot;,&quot;size&quot;:4,&quot;sizes&quot;:[]},&quot;motion_fx_devices&quot;:[&quot;desktop&quot;,&quot;laptop&quot;,&quot;tablet&quot;,&quot;mobile&quot;]}\">\n\t\t\t\t<div class=\"elementor-element elementor-element-f330bdd elementor-position-top elementor-widget elementor-widget-image-box\" data-id=\"f330bdd\" data-element_type=\"widget\" data-widget_type=\"image-box.default\">\n\t\t\t\t<div class=\"elementor-widget-container\">\n\t\t\t\t\t<div class=\"elementor-image-box-wrapper\"><figure class=\"elementor-image-box-img\"><a href=\"https:\/\/m3pclases.com\/en\/juan-carlos-vazquez-moratilla\/\" tabindex=\"-1\"><img decoding=\"async\" width=\"200\" height=\"200\" src=\"https:\/\/m3pclases.com\/wp-content\/uploads\/2024\/12\/JuanCarlos-200x200-1.jpg\" class=\"elementor-animation-shrink attachment-full size-full wp-image-226\" alt=\"\" srcset=\"https:\/\/m3pclases.com\/wp-content\/uploads\/2024\/12\/JuanCarlos-200x200-1.jpg 200w, https:\/\/m3pclases.com\/wp-content\/uploads\/2024\/12\/JuanCarlos-200x200-1-150x150.jpg 150w\" sizes=\"(max-width: 200px) 100vw, 200px\" \/><\/a><\/figure><div class=\"elementor-image-box-content\"><h3 class=\"elementor-image-box-title\"><a href=\"https:\/\/m3pclases.com\/en\/juan-carlos-vazquez-moratilla\/\">Juan Carlos<\/a><\/h3><p class=\"elementor-image-box-description\">Science area<\/p><\/div><\/div>\t\t\t\t<\/div>\n\t\t\t\t<\/div>\n\t\t\t\t<\/div>\n\t\t\t\t<\/div>\n\t\t\t\t\t<\/div>\n\t\t\t\t<\/div>\n\t\t\t\t<\/div>","protected":false},"excerpt":{"rendered":"<p>La ense\u00f1anza es el arte de inspirar a otros a explorar, descubrir y crecer. En M3PCLASES, la calidad de la ense\u00f1anza es nuestra principal caracter\u00edstica. Todo nuestro equipo tiene una clara vocaci\u00f3n docente, lo que se refleja en la dedicaci\u00f3n y pasi\u00f3n que ponemos en nuestras clases. Creemos firmemente que la calidad no debe estar [&hellip;]<\/p>","protected":false},"author":1,"featured_media":0,"parent":0,"menu_order":0,"comment_status":"closed","ping_status":"closed","template":"","meta":{"footnotes":""},"class_list":["post-12","page","type-page","status-publish","hentry"],"yoast_head":"<!-- This site is optimized with the Yoast SEO plugin v26.2 - https:\/\/yoast.com\/wordpress\/plugins\/seo\/ -->\n<title>Nosotros - m3pclases<\/title>\n<meta name=\"robots\" content=\"index, follow, max-snippet:-1, max-image-preview:large, max-video-preview:-1\" \/>\n<link rel=\"canonical\" href=\"https:\/\/m3pclases.com\/en\/nosotros\/\" \/>\n<meta property=\"og:locale\" content=\"en_GB\" \/>\n<meta property=\"og:type\" content=\"article\" \/>\n<meta property=\"og:title\" content=\"Nosotros - m3pclases\" \/>\n<meta property=\"og:description\" content=\"La ense\u00f1anza es el arte de inspirar a otros a explorar, descubrir y crecer. En M3PCLASES, la calidad de la ense\u00f1anza es nuestra principal caracter\u00edstica. Todo nuestro equipo tiene una clara vocaci\u00f3n docente, lo que se refleja en la dedicaci\u00f3n y pasi\u00f3n que ponemos en nuestras clases. Creemos firmemente que la calidad no debe estar [&hellip;]\" \/>\n<meta property=\"og:url\" content=\"https:\/\/m3pclases.com\/en\/nosotros\/\" \/>\n<meta property=\"og:site_name\" content=\"m3pclases\" \/>\n<meta property=\"article:modified_time\" content=\"2025-04-10T07:09:45+00:00\" \/>\n<meta property=\"og:image\" content=\"https:\/\/m3pclases.com\/wp-content\/uploads\/2024\/12\/Miguel-200x200-1.jpg\" \/>\n\t<meta property=\"og:image:width\" content=\"200\" \/>\n\t<meta property=\"og:image:height\" content=\"200\" \/>\n\t<meta property=\"og:image:type\" content=\"image\/jpeg\" \/>\n<meta name=\"twitter:card\" content=\"summary_large_image\" \/>\n<meta name=\"twitter:label1\" content=\"Estimated reading time\" \/>\n\t<meta name=\"twitter:data1\" content=\"2 minutes\" \/>\n<script type=\"application\/ld+json\" class=\"yoast-schema-graph\">{\"@context\":\"https:\/\/schema.org\",\"@graph\":[{\"@type\":\"WebPage\",\"@id\":\"https:\/\/m3pclases.com\/nosotros\/\",\"url\":\"https:\/\/m3pclases.com\/nosotros\/\",\"name\":\"Nosotros - m3pclases\",\"isPartOf\":{\"@id\":\"https:\/\/m3pclases.com\/#website\"},\"primaryImageOfPage\":{\"@id\":\"https:\/\/m3pclases.com\/nosotros\/#primaryimage\"},\"image\":{\"@id\":\"https:\/\/m3pclases.com\/nosotros\/#primaryimage\"},\"thumbnailUrl\":\"https:\/\/m3pclases.com\/wp-content\/uploads\/2024\/12\/Miguel-200x200-1.jpg\",\"datePublished\":\"2024-10-22T19:07:24+00:00\",\"dateModified\":\"2025-04-10T07:09:45+00:00\",\"breadcrumb\":{\"@id\":\"https:\/\/m3pclases.com\/nosotros\/#breadcrumb\"},\"inLanguage\":\"en-GB\",\"potentialAction\":[{\"@type\":\"ReadAction\",\"target\":[\"https:\/\/m3pclases.com\/nosotros\/\"]}]},{\"@type\":\"ImageObject\",\"inLanguage\":\"en-GB\",\"@id\":\"https:\/\/m3pclases.com\/nosotros\/#primaryimage\",\"url\":\"https:\/\/m3pclases.com\/wp-content\/uploads\/2024\/12\/Miguel-200x200-1.jpg\",\"contentUrl\":\"https:\/\/m3pclases.com\/wp-content\/uploads\/2024\/12\/Miguel-200x200-1.jpg\"},{\"@type\":\"BreadcrumbList\",\"@id\":\"https:\/\/m3pclases.com\/nosotros\/#breadcrumb\",\"itemListElement\":[{\"@type\":\"ListItem\",\"position\":1,\"name\":\"Portada\",\"item\":\"https:\/\/m3pclases.com\/\"},{\"@type\":\"ListItem\",\"position\":2,\"name\":\"Nosotros\"}]},{\"@type\":\"WebSite\",\"@id\":\"https:\/\/m3pclases.com\/#website\",\"url\":\"https:\/\/m3pclases.com\/\",\"name\":\"m3pclases\",\"description\":\"En nuestras academias en Alcal\u00e1 de Henares recibir\u00e1s clases de apoyo, refuerzo y recuperaci\u00f3n de asignaturas de cualquier nivel: Primaria, ESO, Bachillerato y Universidad.\",\"potentialAction\":[{\"@type\":\"SearchAction\",\"target\":{\"@type\":\"EntryPoint\",\"urlTemplate\":\"https:\/\/m3pclases.com\/?s={search_term_string}\"},\"query-input\":{\"@type\":\"PropertyValueSpecification\",\"valueRequired\":true,\"valueName\":\"search_term_string\"}}],\"inLanguage\":\"en-GB\"}]}<\/script>\n<!-- \/ Yoast SEO plugin. -->","yoast_head_json":{"title":"Nosotros - m3pclases","robots":{"index":"index","follow":"follow","max-snippet":"max-snippet:-1","max-image-preview":"max-image-preview:large","max-video-preview":"max-video-preview:-1"},"canonical":"https:\/\/m3pclases.com\/en\/nosotros\/","og_locale":"en_GB","og_type":"article","og_title":"Nosotros - m3pclases","og_description":"La ense\u00f1anza es el arte de inspirar a otros a explorar, descubrir y crecer. En M3PCLASES, la calidad de la ense\u00f1anza es nuestra principal caracter\u00edstica. Todo nuestro equipo tiene una clara vocaci\u00f3n docente, lo que se refleja en la dedicaci\u00f3n y pasi\u00f3n que ponemos en nuestras clases. Creemos firmemente que la calidad no debe estar [&hellip;]","og_url":"https:\/\/m3pclases.com\/en\/nosotros\/","og_site_name":"m3pclases","article_modified_time":"2025-04-10T07:09:45+00:00","og_image":[{"width":200,"height":200,"url":"https:\/\/m3pclases.com\/wp-content\/uploads\/2024\/12\/Miguel-200x200-1.jpg","type":"image\/jpeg"}],"twitter_card":"summary_large_image","twitter_misc":{"Estimated reading time":"2 minutes"},"schema":{"@context":"https:\/\/schema.org","@graph":[{"@type":"WebPage","@id":"https:\/\/m3pclases.com\/nosotros\/","url":"https:\/\/m3pclases.com\/nosotros\/","name":"Nosotros - m3pclases","isPartOf":{"@id":"https:\/\/m3pclases.com\/#website"},"primaryImageOfPage":{"@id":"https:\/\/m3pclases.com\/nosotros\/#primaryimage"},"image":{"@id":"https:\/\/m3pclases.com\/nosotros\/#primaryimage"},"thumbnailUrl":"https:\/\/m3pclases.com\/wp-content\/uploads\/2024\/12\/Miguel-200x200-1.jpg","datePublished":"2024-10-22T19:07:24+00:00","dateModified":"2025-04-10T07:09:45+00:00","breadcrumb":{"@id":"https:\/\/m3pclases.com\/nosotros\/#breadcrumb"},"inLanguage":"en-GB","potentialAction":[{"@type":"ReadAction","target":["https:\/\/m3pclases.com\/nosotros\/"]}]},{"@type":"ImageObject","inLanguage":"en-GB","@id":"https:\/\/m3pclases.com\/nosotros\/#primaryimage","url":"https:\/\/m3pclases.com\/wp-content\/uploads\/2024\/12\/Miguel-200x200-1.jpg","contentUrl":"https:\/\/m3pclases.com\/wp-content\/uploads\/2024\/12\/Miguel-200x200-1.jpg"},{"@type":"BreadcrumbList","@id":"https:\/\/m3pclases.com\/nosotros\/#breadcrumb","itemListElement":[{"@type":"ListItem","position":1,"name":"Portada","item":"https:\/\/m3pclases.com\/"},{"@type":"ListItem","position":2,"name":"Nosotros"}]},{"@type":"WebSite","@id":"https:\/\/m3pclases.com\/#website","url":"https:\/\/m3pclases.com\/","name":"m3pclases","description":"En nuestras academias en Alcal\u00e1 de Henares recibir\u00e1s clases de apoyo, refuerzo y recuperaci\u00f3n de asignaturas de cualquier nivel: Primaria, ESO, Bachillerato y Universidad.","potentialAction":[{"@type":"SearchAction","target":{"@type":"EntryPoint","urlTemplate":"https:\/\/m3pclases.com\/?s={search_term_string}"},"query-input":{"@type":"PropertyValueSpecification","valueRequired":true,"valueName":"search_term_string"}}],"inLanguage":"en-GB"}]}},"_links":{"self":[{"href":"https:\/\/m3pclases.com\/en\/wp-json\/wp\/v2\/pages\/12","targetHints":{"allow":["GET"]}}],"collection":[{"href":"https:\/\/m3pclases.com\/en\/wp-json\/wp\/v2\/pages"}],"about":[{"href":"https:\/\/m3pclases.com\/en\/wp-json\/wp\/v2\/types\/page"}],"author":[{"embeddable":true,"href":"https:\/\/m3pclases.com\/en\/wp-json\/wp\/v2\/users\/1"}],"replies":[{"embeddable":true,"href":"https:\/\/m3pclases.com\/en\/wp-json\/wp\/v2\/comments?post=12"}],"version-history":[{"count":37,"href":"https:\/\/m3pclases.com\/en\/wp-json\/wp\/v2\/pages\/12\/revisions"}],"predecessor-version":[{"id":1076,"href":"https:\/\/m3pclases.com\/en\/wp-json\/wp\/v2\/pages\/12\/revisions\/1076"}],"wp:attachment":[{"href":"https:\/\/m3pclases.com\/en\/wp-json\/wp\/v2\/media?parent=12"}],"curies":[{"name":"wp","href":"https:\/\/api.w.org\/{rel}","templated":true}]}}